{"id":201,"date":"2024-10-08T21:53:11","date_gmt":"2024-10-08T19:53:11","guid":{"rendered":"https:\/\/www.msplurielle.fr\/?page_id=201"},"modified":"2024-11-06T21:11:19","modified_gmt":"2024-11-06T20:11:19","slug":"mme-chloe-garing","status":"publish","type":"page","link":"https:\/\/www.msplurielle.fr\/index.php\/mme-chloe-garing\/","title":{"rendered":"Mme Chlo\u00e9 GARING"},"content":{"rendered":"\n<h2 class=\"wp-block-heading tw-block-animation tw-animation-scale-in\">Psychomotricienne<\/h2>\n\n\n\n<p class=\"tw-block-animation tw-animation-scale-in\"><strong><em>Titres officiels<\/em><\/strong> :<\/p>\n\n\n\n<p class=\"tw-block-animation tw-animation-scale-in\">Dipl\u00f4m\u00e9e d\u2019Etat depuis juin 2020, \u00e0 l\u2019institut de formation aux m\u00e9tiers de<br>la sant\u00e9 de Mulhouse.<\/p>\n\n\n\n<p class=\"tw-block-animation tw-animation-scale-in\"><strong><em>Qualifications :<\/em><\/strong><\/p>\n\n\n\n<ul class=\"wp-block-list\">\n<li class=\"tw-block-animation tw-animation-scale-in\">2020 : Certification en \u00e9ducation th\u00e9rapeutique du patient<\/li>\n\n\n\n<li class=\"tw-block-animation tw-animation-scale-in\">2021 \u2013 2022 : Langue des signes fran\u00e7aises (niveau A-1.1 et A 1.2)<\/li>\n\n\n\n<li class=\"tw-block-animation tw-animation-scale-in\">2021 : La dynamique naturelle de la parole<\/li>\n\n\n\n<li class=\"tw-block-animation tw-animation-scale-in\">2024 : Profil sensoriel de Dunn 2<\/li>\n\n\n\n<li class=\"tw-block-animation tw-animation-scale-in\">2024 : Batterie d\u2019\u00e9valuation des fonctions neuro-psychomotrices NP-Mot<br>R\u00e9alisation de bilan psychomoteur complet et de profil sensoriel<br>Prise en charge psychomotrice en individuel ou en groupe<br>Participation aux synth\u00e8ses, r\u00e9union pluriprofessionnelle, \u00e9quipe \u00e9ducative et \u00e9quipe de suivi<br>de scolarisation.<\/li>\n<\/ul>\n\n\n\n<p class=\"tw-block-animation tw-animation-scale-in\"><strong><em>Consultations propos\u00e9es : <\/em><\/strong><\/p>\n\n\n\n<p class=\"tw-block-animation tw-animation-scale-in\">Le psychomotricien est un professionnel param\u00e9dical, une ordonnance de votre m\u00e9decin est<br>n\u00e9cessaire afin de r\u00e9aliser un bilan psychomoteur et d&rsquo;engager un suivi. La psychomotricit\u00e9<br>est \u00e0 l&rsquo;intrication entre le corps, le psychisme (fonctions cognitives) et les \u00e9motions. Le bilan<br>psychomoteur permet d&rsquo;\u00e9valuer les fonctions motrices et perceptives tout en int\u00e9grant les<br>capacit\u00e9s relationnelles, attentionnelles et \u00e9motionnelles.<\/p>\n\n\n\n<p class=\"tw-block-animation tw-animation-scale-in\"><br>Exer\u00e7ant actuellement au sein de la Maison de Soin Plurielle ainsi qu\u2019en Unit\u00e9<br>d\u2019Enseignement Maternelle Autisme \u00e0 Besan\u00e7on \u00e0 mi-temps.<br><\/p>\n","protected":false},"excerpt":{"rendered":"<p>Psychomotricienne Titres officiels : Dipl\u00f4m\u00e9e d\u2019Etat depuis juin 2020, \u00e0 l\u2019institut de formation aux m\u00e9tiers dela sant\u00e9 de Mulhouse. Qualifications : Consultations propos\u00e9es : Le psychomotricien est un professionnel param\u00e9dical, une ordonnance de votre m\u00e9decin estn\u00e9cessaire afin de r\u00e9aliser un bilan psychomoteur et d&rsquo;engager un suivi. La psychomotricit\u00e9est \u00e0 l&rsquo;intrication entre le corps, le psychisme &hellip; <\/p>\n<p class=\"link-more\"><a href=\"https:\/\/www.msplurielle.fr\/index.php\/mme-chloe-garing\/\" class=\"more-link\">Lire la suite de<span class=\"screen-reader-text\">\u00ab\u00a0Mme Chlo\u00e9 GARING\u00a0\u00bb<\/span><\/a><\/p>\n","protected":false},"author":1,"featured_media":0,"parent":0,"menu_order":0,"comment_status":"closed","ping_status":"closed","template":"","meta":{"inspiro_hide_title":false,"footnotes":""},"class_list":["post-201","page","type-page","status-publish","hentry"],"yoast_head":"<!-- This site is optimized with the Yoast SEO plugin v25.9 - https:\/\/yoast.com\/wordpress\/plugins\/seo\/ -->\n<title>Mme Chlo\u00e9 GARING - Maison de soin Plurielle<\/title>\n<meta name=\"robots\" content=\"index, follow, max-snippet:-1, max-image-preview:large, max-video-preview:-1\" \/>\n<link rel=\"canonical\" href=\"https:\/\/www.msplurielle.fr\/index.php\/mme-chloe-garing\/\" \/>\n<meta property=\"og:locale\" content=\"fr_FR\" \/>\n<meta property=\"og:type\" content=\"article\" \/>\n<meta property=\"og:title\" content=\"Mme Chlo\u00e9 GARING - Maison de soin Plurielle\" \/>\n<meta property=\"og:description\" content=\"Psychomotricienne Titres officiels : Dipl\u00f4m\u00e9e d\u2019Etat depuis juin 2020, \u00e0 l\u2019institut de formation aux m\u00e9tiers dela sant\u00e9 de Mulhouse. Qualifications : Consultations propos\u00e9es : Le psychomotricien est un professionnel param\u00e9dical, une ordonnance de votre m\u00e9decin estn\u00e9cessaire afin de r\u00e9aliser un bilan psychomoteur et d&rsquo;engager un suivi. La psychomotricit\u00e9est \u00e0 l&rsquo;intrication entre le corps, le psychisme &hellip; Lire la suite de\u00ab\u00a0Mme Chlo\u00e9 GARING\u00a0\u00bb\" \/>\n<meta property=\"og:url\" content=\"https:\/\/www.msplurielle.fr\/index.php\/mme-chloe-garing\/\" \/>\n<meta property=\"og:site_name\" content=\"Maison de soin Plurielle\" \/>\n<meta property=\"article:modified_time\" content=\"2024-11-06T20:11:19+00:00\" \/>\n<meta name=\"twitter:card\" content=\"summary_large_image\" \/>\n<meta name=\"twitter:label1\" content=\"Dur\u00e9e de lecture estim\u00e9e\" \/>\n\t<meta name=\"twitter:data1\" content=\"1 minute\" \/>\n<script type=\"application\/ld+json\" class=\"yoast-schema-graph\">{\"@context\":\"https:\/\/schema.org\",\"@graph\":[{\"@type\":\"WebPage\",\"@id\":\"https:\/\/www.msplurielle.fr\/index.php\/mme-chloe-garing\/\",\"url\":\"https:\/\/www.msplurielle.fr\/index.php\/mme-chloe-garing\/\",\"name\":\"Mme Chlo\u00e9 GARING - Maison de soin Plurielle\",\"isPartOf\":{\"@id\":\"https:\/\/www.msplurielle.fr\/#website\"},\"datePublished\":\"2024-10-08T19:53:11+00:00\",\"dateModified\":\"2024-11-06T20:11:19+00:00\",\"breadcrumb\":{\"@id\":\"https:\/\/www.msplurielle.fr\/index.php\/mme-chloe-garing\/#breadcrumb\"},\"inLanguage\":\"fr-FR\",\"potentialAction\":[{\"@type\":\"ReadAction\",\"target\":[\"https:\/\/www.msplurielle.fr\/index.php\/mme-chloe-garing\/\"]}]},{\"@type\":\"BreadcrumbList\",\"@id\":\"https:\/\/www.msplurielle.fr\/index.php\/mme-chloe-garing\/#breadcrumb\",\"itemListElement\":[{\"@type\":\"ListItem\",\"position\":1,\"name\":\"Accueil\",\"item\":\"https:\/\/www.msplurielle.fr\/\"},{\"@type\":\"ListItem\",\"position\":2,\"name\":\"Mme Chlo\u00e9 GARING\"}]},{\"@type\":\"WebSite\",\"@id\":\"https:\/\/www.msplurielle.fr\/#website\",\"url\":\"https:\/\/www.msplurielle.fr\/\",\"name\":\"Maison de soin Plurielle\",\"description\":\"Hauts de Chazal - BESANCON\",\"publisher\":{\"@id\":\"https:\/\/www.msplurielle.fr\/#organization\"},\"potentialAction\":[{\"@type\":\"SearchAction\",\"target\":{\"@type\":\"EntryPoint\",\"urlTemplate\":\"https:\/\/www.msplurielle.fr\/?s={search_term_string}\"},\"query-input\":{\"@type\":\"PropertyValueSpecification\",\"valueRequired\":true,\"valueName\":\"search_term_string\"}}],\"inLanguage\":\"fr-FR\"},{\"@type\":\"Organization\",\"@id\":\"https:\/\/www.msplurielle.fr\/#organization\",\"name\":\"Maison de soin Plurielle\",\"url\":\"https:\/\/www.msplurielle.fr\/\",\"logo\":{\"@type\":\"ImageObject\",\"inLanguage\":\"fr-FR\",\"@id\":\"https:\/\/www.msplurielle.fr\/#\/schema\/logo\/image\/\",\"url\":\"https:\/\/www.msplurielle.fr\/wp-content\/uploads\/2024\/11\/cropped-logoMSP.png\",\"contentUrl\":\"https:\/\/www.msplurielle.fr\/wp-content\/uploads\/2024\/11\/cropped-logoMSP.png\",\"width\":3506,\"height\":1580,\"caption\":\"Maison de soin Plurielle\"},\"image\":{\"@id\":\"https:\/\/www.msplurielle.fr\/#\/schema\/logo\/image\/\"}}]}<\/script>\n<!-- \/ Yoast SEO plugin. -->","yoast_head_json":{"title":"Mme Chlo\u00e9 GARING - Maison de soin Plurielle","robots":{"index":"index","follow":"follow","max-snippet":"max-snippet:-1","max-image-preview":"max-image-preview:large","max-video-preview":"max-video-preview:-1"},"canonical":"https:\/\/www.msplurielle.fr\/index.php\/mme-chloe-garing\/","og_locale":"fr_FR","og_type":"article","og_title":"Mme Chlo\u00e9 GARING - Maison de soin Plurielle","og_description":"Psychomotricienne Titres officiels : Dipl\u00f4m\u00e9e d\u2019Etat depuis juin 2020, \u00e0 l\u2019institut de formation aux m\u00e9tiers dela sant\u00e9 de Mulhouse. Qualifications : Consultations propos\u00e9es : Le psychomotricien est un professionnel param\u00e9dical, une ordonnance de votre m\u00e9decin estn\u00e9cessaire afin de r\u00e9aliser un bilan psychomoteur et d&rsquo;engager un suivi. La psychomotricit\u00e9est \u00e0 l&rsquo;intrication entre le corps, le psychisme &hellip; Lire la suite de\u00ab\u00a0Mme Chlo\u00e9 GARING\u00a0\u00bb","og_url":"https:\/\/www.msplurielle.fr\/index.php\/mme-chloe-garing\/","og_site_name":"Maison de soin Plurielle","article_modified_time":"2024-11-06T20:11:19+00:00","twitter_card":"summary_large_image","twitter_misc":{"Dur\u00e9e de lecture estim\u00e9e":"1 minute"},"schema":{"@context":"https:\/\/schema.org","@graph":[{"@type":"WebPage","@id":"https:\/\/www.msplurielle.fr\/index.php\/mme-chloe-garing\/","url":"https:\/\/www.msplurielle.fr\/index.php\/mme-chloe-garing\/","name":"Mme Chlo\u00e9 GARING - Maison de soin Plurielle","isPartOf":{"@id":"https:\/\/www.msplurielle.fr\/#website"},"datePublished":"2024-10-08T19:53:11+00:00","dateModified":"2024-11-06T20:11:19+00:00","breadcrumb":{"@id":"https:\/\/www.msplurielle.fr\/index.php\/mme-chloe-garing\/#breadcrumb"},"inLanguage":"fr-FR","potentialAction":[{"@type":"ReadAction","target":["https:\/\/www.msplurielle.fr\/index.php\/mme-chloe-garing\/"]}]},{"@type":"BreadcrumbList","@id":"https:\/\/www.msplurielle.fr\/index.php\/mme-chloe-garing\/#breadcrumb","itemListElement":[{"@type":"ListItem","position":1,"name":"Accueil","item":"https:\/\/www.msplurielle.fr\/"},{"@type":"ListItem","position":2,"name":"Mme Chlo\u00e9 GARING"}]},{"@type":"WebSite","@id":"https:\/\/www.msplurielle.fr\/#website","url":"https:\/\/www.msplurielle.fr\/","name":"Maison de soin Plurielle","description":"Hauts de Chazal - BESANCON","publisher":{"@id":"https:\/\/www.msplurielle.fr\/#organization"},"potentialAction":[{"@type":"SearchAction","target":{"@type":"EntryPoint","urlTemplate":"https:\/\/www.msplurielle.fr\/?s={search_term_string}"},"query-input":{"@type":"PropertyValueSpecification","valueRequired":true,"valueName":"search_term_string"}}],"inLanguage":"fr-FR"},{"@type":"Organization","@id":"https:\/\/www.msplurielle.fr\/#organization","name":"Maison de soin Plurielle","url":"https:\/\/www.msplurielle.fr\/","logo":{"@type":"ImageObject","inLanguage":"fr-FR","@id":"https:\/\/www.msplurielle.fr\/#\/schema\/logo\/image\/","url":"https:\/\/www.msplurielle.fr\/wp-content\/uploads\/2024\/11\/cropped-logoMSP.png","contentUrl":"https:\/\/www.msplurielle.fr\/wp-content\/uploads\/2024\/11\/cropped-logoMSP.png","width":3506,"height":1580,"caption":"Maison de soin Plurielle"},"image":{"@id":"https:\/\/www.msplurielle.fr\/#\/schema\/logo\/image\/"}}]}},"jetpack_sharing_enabled":true,"_links":{"self":[{"href":"https:\/\/www.msplurielle.fr\/index.php\/wp-json\/wp\/v2\/pages\/201","targetHints":{"allow":["GET"]}}],"collection":[{"href":"https:\/\/www.msplurielle.fr\/index.php\/wp-json\/wp\/v2\/pages"}],"about":[{"href":"https:\/\/www.msplurielle.fr\/index.php\/wp-json\/wp\/v2\/types\/page"}],"author":[{"embeddable":true,"href":"https:\/\/www.msplurielle.fr\/index.php\/wp-json\/wp\/v2\/users\/1"}],"replies":[{"embeddable":true,"href":"https:\/\/www.msplurielle.fr\/index.php\/wp-json\/wp\/v2\/comments?post=201"}],"version-history":[{"count":7,"href":"https:\/\/www.msplurielle.fr\/index.php\/wp-json\/wp\/v2\/pages\/201\/revisions"}],"predecessor-version":[{"id":411,"href":"https:\/\/www.msplurielle.fr\/index.php\/wp-json\/wp\/v2\/pages\/201\/revisions\/411"}],"wp:attachment":[{"href":"https:\/\/www.msplurielle.fr\/index.php\/wp-json\/wp\/v2\/media?parent=201"}],"curies":[{"name":"wp","href":"https:\/\/api.w.org\/{rel}","templated":true}]}}