{"id":198,"date":"2024-10-08T21:52:12","date_gmt":"2024-10-08T19:52:12","guid":{"rendered":"https:\/\/www.msplurielle.fr\/?page_id=198"},"modified":"2024-11-06T21:03:42","modified_gmt":"2024-11-06T20:03:42","slug":"dr-nadine-chauffer","status":"publish","type":"page","link":"https:\/\/www.msplurielle.fr\/index.php\/dr-nadine-chauffer\/","title":{"rendered":"Dr Nadine CHAUFFET"},"content":{"rendered":"\n<h2 class=\"wp-block-heading tw-block-animation tw-animation-scale-in\">M\u00e9decin g\u00e9n\u00e9raliste<\/h2>\n\n\n\n<p class=\"tw-block-animation tw-animation-scale-in\">Conventionn\u00e9e Secteur 1<\/p>\n\n\n\n<p class=\"tw-block-animation tw-animation-scale-in\"><em><strong>Titres officiels&nbsp;:<\/strong><\/em><\/p>\n\n\n\n<p class=\"tw-block-animation tw-animation-scale-in\">2003&nbsp;: Dipl\u00f4me de Docteur en M\u00e9decine<\/p>\n\n\n\n<p class=\"tw-block-animation tw-animation-scale-in\">Depuis 2007&nbsp;: reconnue par l\u2019Ordre des M\u00e9decins comme sp\u00e9cialiste en M\u00e9decine G\u00e9n\u00e9rale<\/p>\n\n\n\n<p class=\"tw-block-animation tw-animation-scale-in\">Depuis 2009&nbsp;: Maitre de Stage Universitaire<\/p>\n\n\n\n<p class=\"tw-block-animation tw-animation-scale-in\"><em><strong>Qualifications&nbsp;:<\/strong><\/em><\/p>\n\n\n\n<p class=\"tw-block-animation tw-animation-scale-in\">1998&nbsp;: Maitrise de Pharmacologie g\u00e9n\u00e9rale et clinique.<\/p>\n\n\n\n<p class=\"tw-block-animation tw-animation-scale-in\">1999&nbsp;: Certificat universitaire de R\u00e9animation\/Urgence.<\/p>\n\n\n\n<p class=\"tw-block-animation tw-animation-scale-in\">2004&nbsp;: premi\u00e8re installation en Maison de Sant\u00e9 Pluridisciplinaires.<\/p>\n\n\n\n<p class=\"tw-block-animation tw-animation-scale-in\">2004 \u00e0 2006&nbsp;: M\u00e9decin au CSST Sol\u00e9a.<\/p>\n\n\n\n<p class=\"tw-block-animation tw-animation-scale-in\">Depuis 2005&nbsp;: form\u00e9e \u00e0 l\u2019animation, l\u2019organisation de Formation M\u00e9dicale Continue.<\/p>\n\n\n\n<p class=\"tw-block-animation tw-animation-scale-in\">Validations de nombreuses formations reconnues par L\u2019Agence DPC.<\/p>\n\n\n\n<p class=\"tw-block-animation tw-animation-scale-in\"><em><strong>Comp\u00e9tences&nbsp;:<\/strong><\/em><\/p>\n\n\n\n<p class=\"tw-block-animation tw-animation-scale-in\">Prise en charge et coordination de soin de patients (tous les \u00e2ges de la vie).<\/p>\n\n\n\n<p class=\"tw-block-animation tw-animation-scale-in\">Suivi m\u00e9dical gyn\u00e9cologique&nbsp;: pr\u00e9vention, contraception, r\u00e9alisation de frottis, pose\/retrait de DIU et d\u2019implant contraceptif, suivi de grossesse non compliqu\u00e9e.<\/p>\n\n\n\n<p class=\"tw-block-animation tw-animation-scale-in\">Accueil et formation des internes en M\u00e9decine G\u00e9n\u00e9rale.<\/p>\n","protected":false},"excerpt":{"rendered":"<p>M\u00e9decin g\u00e9n\u00e9raliste Conventionn\u00e9e Secteur 1 Titres officiels&nbsp;: 2003&nbsp;: Dipl\u00f4me de Docteur en M\u00e9decine Depuis 2007&nbsp;: reconnue par l\u2019Ordre des M\u00e9decins comme sp\u00e9cialiste en M\u00e9decine G\u00e9n\u00e9rale Depuis 2009&nbsp;: Maitre de Stage Universitaire Qualifications&nbsp;: 1998&nbsp;: Maitrise de Pharmacologie g\u00e9n\u00e9rale et clinique. 1999&nbsp;: Certificat universitaire de R\u00e9animation\/Urgence. 2004&nbsp;: premi\u00e8re installation en Maison de Sant\u00e9 Pluridisciplinaires. 2004 \u00e0 2006&nbsp;: &hellip; <\/p>\n<p class=\"link-more\"><a href=\"https:\/\/www.msplurielle.fr\/index.php\/dr-nadine-chauffer\/\" class=\"more-link\">Lire la suite de<span class=\"screen-reader-text\">\u00ab\u00a0Dr Nadine CHAUFFET\u00a0\u00bb<\/span><\/a><\/p>\n","protected":false},"author":1,"featured_media":0,"parent":0,"menu_order":0,"comment_status":"closed","ping_status":"closed","template":"","meta":{"inspiro_hide_title":false,"footnotes":""},"class_list":["post-198","page","type-page","status-publish","hentry"],"yoast_head":"<!-- This site is optimized with the Yoast SEO plugin v25.9 - https:\/\/yoast.com\/wordpress\/plugins\/seo\/ -->\n<title>Dr Nadine CHAUFFET - Maison de soin Plurielle<\/title>\n<meta name=\"robots\" content=\"index, follow, max-snippet:-1, max-image-preview:large, max-video-preview:-1\" \/>\n<link rel=\"canonical\" href=\"https:\/\/www.msplurielle.fr\/index.php\/dr-nadine-chauffer\/\" \/>\n<meta property=\"og:locale\" content=\"fr_FR\" \/>\n<meta property=\"og:type\" content=\"article\" \/>\n<meta property=\"og:title\" content=\"Dr Nadine CHAUFFET - Maison de soin Plurielle\" \/>\n<meta property=\"og:description\" content=\"M\u00e9decin g\u00e9n\u00e9raliste Conventionn\u00e9e Secteur 1 Titres officiels&nbsp;: 2003&nbsp;: Dipl\u00f4me de Docteur en M\u00e9decine Depuis 2007&nbsp;: reconnue par l\u2019Ordre des M\u00e9decins comme sp\u00e9cialiste en M\u00e9decine G\u00e9n\u00e9rale Depuis 2009&nbsp;: Maitre de Stage Universitaire Qualifications&nbsp;: 1998&nbsp;: Maitrise de Pharmacologie g\u00e9n\u00e9rale et clinique. 1999&nbsp;: Certificat universitaire de R\u00e9animation\/Urgence. 2004&nbsp;: premi\u00e8re installation en Maison de Sant\u00e9 Pluridisciplinaires. 2004 \u00e0 2006&nbsp;: &hellip; Lire la suite de\u00ab\u00a0Dr Nadine CHAUFFET\u00a0\u00bb\" \/>\n<meta property=\"og:url\" content=\"https:\/\/www.msplurielle.fr\/index.php\/dr-nadine-chauffer\/\" \/>\n<meta property=\"og:site_name\" content=\"Maison de soin Plurielle\" \/>\n<meta property=\"article:modified_time\" content=\"2024-11-06T20:03:42+00:00\" \/>\n<meta name=\"twitter:card\" content=\"summary_large_image\" \/>\n<meta name=\"twitter:label1\" content=\"Dur\u00e9e de lecture estim\u00e9e\" \/>\n\t<meta name=\"twitter:data1\" content=\"1 minute\" \/>\n<script type=\"application\/ld+json\" class=\"yoast-schema-graph\">{\"@context\":\"https:\/\/schema.org\",\"@graph\":[{\"@type\":\"WebPage\",\"@id\":\"https:\/\/www.msplurielle.fr\/index.php\/dr-nadine-chauffer\/\",\"url\":\"https:\/\/www.msplurielle.fr\/index.php\/dr-nadine-chauffer\/\",\"name\":\"Dr Nadine CHAUFFET - Maison de soin Plurielle\",\"isPartOf\":{\"@id\":\"https:\/\/www.msplurielle.fr\/#website\"},\"datePublished\":\"2024-10-08T19:52:12+00:00\",\"dateModified\":\"2024-11-06T20:03:42+00:00\",\"breadcrumb\":{\"@id\":\"https:\/\/www.msplurielle.fr\/index.php\/dr-nadine-chauffer\/#breadcrumb\"},\"inLanguage\":\"fr-FR\",\"potentialAction\":[{\"@type\":\"ReadAction\",\"target\":[\"https:\/\/www.msplurielle.fr\/index.php\/dr-nadine-chauffer\/\"]}]},{\"@type\":\"BreadcrumbList\",\"@id\":\"https:\/\/www.msplurielle.fr\/index.php\/dr-nadine-chauffer\/#breadcrumb\",\"itemListElement\":[{\"@type\":\"ListItem\",\"position\":1,\"name\":\"Accueil\",\"item\":\"https:\/\/www.msplurielle.fr\/\"},{\"@type\":\"ListItem\",\"position\":2,\"name\":\"Dr Nadine CHAUFFET\"}]},{\"@type\":\"WebSite\",\"@id\":\"https:\/\/www.msplurielle.fr\/#website\",\"url\":\"https:\/\/www.msplurielle.fr\/\",\"name\":\"Maison de soin Plurielle\",\"description\":\"Hauts de Chazal - BESANCON\",\"publisher\":{\"@id\":\"https:\/\/www.msplurielle.fr\/#organization\"},\"potentialAction\":[{\"@type\":\"SearchAction\",\"target\":{\"@type\":\"EntryPoint\",\"urlTemplate\":\"https:\/\/www.msplurielle.fr\/?s={search_term_string}\"},\"query-input\":{\"@type\":\"PropertyValueSpecification\",\"valueRequired\":true,\"valueName\":\"search_term_string\"}}],\"inLanguage\":\"fr-FR\"},{\"@type\":\"Organization\",\"@id\":\"https:\/\/www.msplurielle.fr\/#organization\",\"name\":\"Maison de soin Plurielle\",\"url\":\"https:\/\/www.msplurielle.fr\/\",\"logo\":{\"@type\":\"ImageObject\",\"inLanguage\":\"fr-FR\",\"@id\":\"https:\/\/www.msplurielle.fr\/#\/schema\/logo\/image\/\",\"url\":\"https:\/\/www.msplurielle.fr\/wp-content\/uploads\/2024\/11\/cropped-logoMSP.png\",\"contentUrl\":\"https:\/\/www.msplurielle.fr\/wp-content\/uploads\/2024\/11\/cropped-logoMSP.png\",\"width\":3506,\"height\":1580,\"caption\":\"Maison de soin Plurielle\"},\"image\":{\"@id\":\"https:\/\/www.msplurielle.fr\/#\/schema\/logo\/image\/\"}}]}<\/script>\n<!-- \/ Yoast SEO plugin. -->","yoast_head_json":{"title":"Dr Nadine CHAUFFET - Maison de soin Plurielle","robots":{"index":"index","follow":"follow","max-snippet":"max-snippet:-1","max-image-preview":"max-image-preview:large","max-video-preview":"max-video-preview:-1"},"canonical":"https:\/\/www.msplurielle.fr\/index.php\/dr-nadine-chauffer\/","og_locale":"fr_FR","og_type":"article","og_title":"Dr Nadine CHAUFFET - Maison de soin Plurielle","og_description":"M\u00e9decin g\u00e9n\u00e9raliste Conventionn\u00e9e Secteur 1 Titres officiels&nbsp;: 2003&nbsp;: Dipl\u00f4me de Docteur en M\u00e9decine Depuis 2007&nbsp;: reconnue par l\u2019Ordre des M\u00e9decins comme sp\u00e9cialiste en M\u00e9decine G\u00e9n\u00e9rale Depuis 2009&nbsp;: Maitre de Stage Universitaire Qualifications&nbsp;: 1998&nbsp;: Maitrise de Pharmacologie g\u00e9n\u00e9rale et clinique. 1999&nbsp;: Certificat universitaire de R\u00e9animation\/Urgence. 2004&nbsp;: premi\u00e8re installation en Maison de Sant\u00e9 Pluridisciplinaires. 2004 \u00e0 2006&nbsp;: &hellip; Lire la suite de\u00ab\u00a0Dr Nadine CHAUFFET\u00a0\u00bb","og_url":"https:\/\/www.msplurielle.fr\/index.php\/dr-nadine-chauffer\/","og_site_name":"Maison de soin Plurielle","article_modified_time":"2024-11-06T20:03:42+00:00","twitter_card":"summary_large_image","twitter_misc":{"Dur\u00e9e de lecture estim\u00e9e":"1 minute"},"schema":{"@context":"https:\/\/schema.org","@graph":[{"@type":"WebPage","@id":"https:\/\/www.msplurielle.fr\/index.php\/dr-nadine-chauffer\/","url":"https:\/\/www.msplurielle.fr\/index.php\/dr-nadine-chauffer\/","name":"Dr Nadine CHAUFFET - Maison de soin Plurielle","isPartOf":{"@id":"https:\/\/www.msplurielle.fr\/#website"},"datePublished":"2024-10-08T19:52:12+00:00","dateModified":"2024-11-06T20:03:42+00:00","breadcrumb":{"@id":"https:\/\/www.msplurielle.fr\/index.php\/dr-nadine-chauffer\/#breadcrumb"},"inLanguage":"fr-FR","potentialAction":[{"@type":"ReadAction","target":["https:\/\/www.msplurielle.fr\/index.php\/dr-nadine-chauffer\/"]}]},{"@type":"BreadcrumbList","@id":"https:\/\/www.msplurielle.fr\/index.php\/dr-nadine-chauffer\/#breadcrumb","itemListElement":[{"@type":"ListItem","position":1,"name":"Accueil","item":"https:\/\/www.msplurielle.fr\/"},{"@type":"ListItem","position":2,"name":"Dr Nadine CHAUFFET"}]},{"@type":"WebSite","@id":"https:\/\/www.msplurielle.fr\/#website","url":"https:\/\/www.msplurielle.fr\/","name":"Maison de soin Plurielle","description":"Hauts de Chazal - BESANCON","publisher":{"@id":"https:\/\/www.msplurielle.fr\/#organization"},"potentialAction":[{"@type":"SearchAction","target":{"@type":"EntryPoint","urlTemplate":"https:\/\/www.msplurielle.fr\/?s={search_term_string}"},"query-input":{"@type":"PropertyValueSpecification","valueRequired":true,"valueName":"search_term_string"}}],"inLanguage":"fr-FR"},{"@type":"Organization","@id":"https:\/\/www.msplurielle.fr\/#organization","name":"Maison de soin Plurielle","url":"https:\/\/www.msplurielle.fr\/","logo":{"@type":"ImageObject","inLanguage":"fr-FR","@id":"https:\/\/www.msplurielle.fr\/#\/schema\/logo\/image\/","url":"https:\/\/www.msplurielle.fr\/wp-content\/uploads\/2024\/11\/cropped-logoMSP.png","contentUrl":"https:\/\/www.msplurielle.fr\/wp-content\/uploads\/2024\/11\/cropped-logoMSP.png","width":3506,"height":1580,"caption":"Maison de soin Plurielle"},"image":{"@id":"https:\/\/www.msplurielle.fr\/#\/schema\/logo\/image\/"}}]}},"jetpack_sharing_enabled":true,"_links":{"self":[{"href":"https:\/\/www.msplurielle.fr\/index.php\/wp-json\/wp\/v2\/pages\/198","targetHints":{"allow":["GET"]}}],"collection":[{"href":"https:\/\/www.msplurielle.fr\/index.php\/wp-json\/wp\/v2\/pages"}],"about":[{"href":"https:\/\/www.msplurielle.fr\/index.php\/wp-json\/wp\/v2\/types\/page"}],"author":[{"embeddable":true,"href":"https:\/\/www.msplurielle.fr\/index.php\/wp-json\/wp\/v2\/users\/1"}],"replies":[{"embeddable":true,"href":"https:\/\/www.msplurielle.fr\/index.php\/wp-json\/wp\/v2\/comments?post=198"}],"version-history":[{"count":4,"href":"https:\/\/www.msplurielle.fr\/index.php\/wp-json\/wp\/v2\/pages\/198\/revisions"}],"predecessor-version":[{"id":401,"href":"https:\/\/www.msplurielle.fr\/index.php\/wp-json\/wp\/v2\/pages\/198\/revisions\/401"}],"wp:attachment":[{"href":"https:\/\/www.msplurielle.fr\/index.php\/wp-json\/wp\/v2\/media?parent=198"}],"curies":[{"name":"wp","href":"https:\/\/api.w.org\/{rel}","templated":true}]}}