{"id":186,"date":"2024-10-08T21:48:17","date_gmt":"2024-10-08T19:48:17","guid":{"rendered":"https:\/\/www.msplurielle.fr\/?page_id=186"},"modified":"2024-11-06T21:12:55","modified_gmt":"2024-11-06T20:12:55","slug":"mme-mathilde-puig","status":"publish","type":"page","link":"https:\/\/www.msplurielle.fr\/index.php\/mme-mathilde-puig\/","title":{"rendered":"Mme Mathilde PUIG"},"content":{"rendered":"\n<figure class=\"wp-block-image alignwide size-full\"><img fetchpriority=\"high\" decoding=\"async\" width=\"790\" height=\"89\" src=\"https:\/\/www.msplurielle.fr\/wp-content\/uploads\/2024\/07\/banniere.jpg\" alt=\"\" class=\"wp-image-30\" srcset=\"https:\/\/www.msplurielle.fr\/wp-content\/uploads\/2024\/07\/banniere.jpg 790w, https:\/\/www.msplurielle.fr\/wp-content\/uploads\/2024\/07\/banniere-300x34.jpg 300w, https:\/\/www.msplurielle.fr\/wp-content\/uploads\/2024\/07\/banniere-768x87.jpg 768w\" sizes=\"(max-width: 790px) 100vw, 790px\" \/><\/figure>\n\n\n\n<h2 class=\"wp-block-heading tw-block-animation tw-animation-scale-in\">Psychomotricienne<\/h2>\n\n\n\n<p class=\"tw-block-animation tw-animation-scale-in\"><strong><em>Titres officiels :<\/em><\/strong><br>2017 &#8211; Dipl\u00f4me d\u2019\u00c9tat de Psychomotricien<\/p>\n\n\n\n<p class=\"tw-block-animation tw-animation-scale-in\"><strong><em>Qualifications :<\/em><\/strong><br>Soins pour b\u00e9b\u00e9, enfant, adolescent, adulte, personne \u00e2g\u00e9e ayant des troubles du d\u00e9veloppement ou des d\u00e9sordres psychomoteurs<\/p>\n\n\n\n<ul class=\"wp-block-list\">\n<li class=\"tw-block-animation tw-animation-scale-in\">Retard dans les premi\u00e8res \u00e9tapes du d\u00e9veloppement psychomoteur<\/li>\n\n\n\n<li class=\"tw-block-animation tw-animation-scale-in\">Retard ou d\u00e9calage qui entravent les acquisitions psychomotrices<\/li>\n\n\n\n<li class=\"tw-block-animation tw-animation-scale-in\">Troubles de la maturation et de la r\u00e9gulation du tonus<\/li>\n\n\n\n<li class=\"tw-block-animation tw-animation-scale-in\">Difficult\u00e9 de gestion des \u00e9motions<\/li>\n\n\n\n<li class=\"tw-block-animation tw-animation-scale-in\">Troubles du sch\u00e9ma corporel et de l\u2019image du corps<\/li>\n\n\n\n<li class=\"tw-block-animation tw-animation-scale-in\">Troubles de la lat\u00e9ralit\u00e9<\/li>\n\n\n\n<li class=\"tw-block-animation tw-animation-scale-in\">Troubles de l\u2019organisation dans l\u2019espace et\/ou dans le temps<\/li>\n\n\n\n<li class=\"tw-block-animation tw-animation-scale-in\">Dysharmonie psychomotrices<\/li>\n\n\n\n<li class=\"tw-block-animation tw-animation-scale-in\">Maladresse motrice et gestuelle<\/li>\n\n\n\n<li class=\"tw-block-animation tw-animation-scale-in\">Inhibition psychomotrice<\/li>\n\n\n\n<li class=\"tw-block-animation tw-animation-scale-in\">Difficult\u00e9 en \u00e9criture (dont trouble du graphisme : dysgraphie)<\/li>\n\n\n\n<li class=\"tw-block-animation tw-animation-scale-in\">Trouble du comportement<\/li>\n\n\n\n<li class=\"tw-block-animation tw-animation-scale-in\">Difficult\u00e9s relationnelles<\/li>\n\n\n\n<li class=\"tw-block-animation tw-animation-scale-in\">Stress, anxi\u00e9t\u00e9, d\u00e9pression, troubles somatiques<\/li>\n\n\n\n<li class=\"tw-block-animation tw-animation-scale-in\">Troubles neuro-d\u00e9veloppementaux: troubles du spectre autistique (TSA), troubles sp\u00e9cifique des apprentissages, troubles moteurs tels que dyspraxies ou trouble d\u00e9veloppemental de la coordination, troubles d\u00e9ficitaire de l\u2019attention avec ou sans hyperactivit\u00e9 (TDA\/TDAH)<\/li>\n\n\n\n<li class=\"tw-block-animation tw-animation-scale-in\">Accompagnement d\u2019enfants Haut Potentiel Intellectuel (HPI)<\/li>\n\n\n\n<li class=\"tw-block-animation tw-animation-scale-in\">D\u00e9ficience physique, intellectuelle, polyhandicap<\/li>\n<\/ul>\n\n\n\n<p class=\"tw-block-animation tw-animation-scale-in\"><strong><em>Consultations propos\u00e9es :<\/em><\/strong><br>Bilan psychomoteur<br>S\u00e9ance de 45 min<br>S\u00e9ance de 30 min<br>Participation \u00e0 une r\u00e9union \u00e9ducative<br>Bilan d\u2019\u00e9volution ou compte rendu de suivi<\/p>\n\n\n\n<p><\/p>\n","protected":false},"excerpt":{"rendered":"<p>Psychomotricienne Titres officiels :2017 &#8211; Dipl\u00f4me d\u2019\u00c9tat de Psychomotricien Qualifications :Soins pour b\u00e9b\u00e9, enfant, adolescent, adulte, personne \u00e2g\u00e9e ayant des troubles du d\u00e9veloppement ou des d\u00e9sordres psychomoteurs Consultations propos\u00e9es :Bilan psychomoteurS\u00e9ance de 45 minS\u00e9ance de 30 minParticipation \u00e0 une r\u00e9union \u00e9ducativeBilan d\u2019\u00e9volution ou compte rendu de suivi<\/p>\n","protected":false},"author":1,"featured_media":0,"parent":0,"menu_order":0,"comment_status":"closed","ping_status":"closed","template":"","meta":{"inspiro_hide_title":false,"footnotes":""},"class_list":["post-186","page","type-page","status-publish","hentry"],"yoast_head":"<!-- This site is optimized with the Yoast SEO plugin v25.9 - https:\/\/yoast.com\/wordpress\/plugins\/seo\/ -->\n<title>Mme Mathilde PUIG - Maison de soin Plurielle<\/title>\n<meta name=\"robots\" content=\"index, follow, max-snippet:-1, max-image-preview:large, max-video-preview:-1\" \/>\n<link rel=\"canonical\" href=\"https:\/\/www.msplurielle.fr\/index.php\/mme-mathilde-puig\/\" \/>\n<meta property=\"og:locale\" content=\"fr_FR\" \/>\n<meta property=\"og:type\" content=\"article\" \/>\n<meta property=\"og:title\" content=\"Mme Mathilde PUIG - Maison de soin Plurielle\" \/>\n<meta property=\"og:description\" content=\"Psychomotricienne Titres officiels :2017 &#8211; Dipl\u00f4me d\u2019\u00c9tat de Psychomotricien Qualifications :Soins pour b\u00e9b\u00e9, enfant, adolescent, adulte, personne \u00e2g\u00e9e ayant des troubles du d\u00e9veloppement ou des d\u00e9sordres psychomoteurs Consultations propos\u00e9es :Bilan psychomoteurS\u00e9ance de 45 minS\u00e9ance de 30 minParticipation \u00e0 une r\u00e9union \u00e9ducativeBilan d\u2019\u00e9volution ou compte rendu de suivi\" \/>\n<meta property=\"og:url\" content=\"https:\/\/www.msplurielle.fr\/index.php\/mme-mathilde-puig\/\" \/>\n<meta property=\"og:site_name\" content=\"Maison de soin Plurielle\" \/>\n<meta property=\"article:modified_time\" content=\"2024-11-06T20:12:55+00:00\" \/>\n<meta property=\"og:image\" content=\"https:\/\/www.msplurielle.fr\/wp-content\/uploads\/2024\/07\/banniere.jpg\" \/>\n\t<meta property=\"og:image:width\" content=\"790\" \/>\n\t<meta property=\"og:image:height\" content=\"89\" \/>\n\t<meta property=\"og:image:type\" content=\"image\/jpeg\" \/>\n<meta name=\"twitter:card\" content=\"summary_large_image\" \/>\n<meta name=\"twitter:label1\" content=\"Dur\u00e9e de lecture estim\u00e9e\" \/>\n\t<meta name=\"twitter:data1\" content=\"1 minute\" \/>\n<script type=\"application\/ld+json\" class=\"yoast-schema-graph\">{\"@context\":\"https:\/\/schema.org\",\"@graph\":[{\"@type\":\"WebPage\",\"@id\":\"https:\/\/www.msplurielle.fr\/index.php\/mme-mathilde-puig\/\",\"url\":\"https:\/\/www.msplurielle.fr\/index.php\/mme-mathilde-puig\/\",\"name\":\"Mme Mathilde PUIG - Maison de soin Plurielle\",\"isPartOf\":{\"@id\":\"https:\/\/www.msplurielle.fr\/#website\"},\"primaryImageOfPage\":{\"@id\":\"https:\/\/www.msplurielle.fr\/index.php\/mme-mathilde-puig\/#primaryimage\"},\"image\":{\"@id\":\"https:\/\/www.msplurielle.fr\/index.php\/mme-mathilde-puig\/#primaryimage\"},\"thumbnailUrl\":\"https:\/\/www.msplurielle.fr\/wp-content\/uploads\/2024\/07\/banniere.jpg\",\"datePublished\":\"2024-10-08T19:48:17+00:00\",\"dateModified\":\"2024-11-06T20:12:55+00:00\",\"breadcrumb\":{\"@id\":\"https:\/\/www.msplurielle.fr\/index.php\/mme-mathilde-puig\/#breadcrumb\"},\"inLanguage\":\"fr-FR\",\"potentialAction\":[{\"@type\":\"ReadAction\",\"target\":[\"https:\/\/www.msplurielle.fr\/index.php\/mme-mathilde-puig\/\"]}]},{\"@type\":\"ImageObject\",\"inLanguage\":\"fr-FR\",\"@id\":\"https:\/\/www.msplurielle.fr\/index.php\/mme-mathilde-puig\/#primaryimage\",\"url\":\"https:\/\/www.msplurielle.fr\/wp-content\/uploads\/2024\/07\/banniere.jpg\",\"contentUrl\":\"https:\/\/www.msplurielle.fr\/wp-content\/uploads\/2024\/07\/banniere.jpg\",\"width\":790,\"height\":89},{\"@type\":\"BreadcrumbList\",\"@id\":\"https:\/\/www.msplurielle.fr\/index.php\/mme-mathilde-puig\/#breadcrumb\",\"itemListElement\":[{\"@type\":\"ListItem\",\"position\":1,\"name\":\"Accueil\",\"item\":\"https:\/\/www.msplurielle.fr\/\"},{\"@type\":\"ListItem\",\"position\":2,\"name\":\"Mme Mathilde PUIG\"}]},{\"@type\":\"WebSite\",\"@id\":\"https:\/\/www.msplurielle.fr\/#website\",\"url\":\"https:\/\/www.msplurielle.fr\/\",\"name\":\"Maison de soin Plurielle\",\"description\":\"Hauts de Chazal - BESANCON\",\"publisher\":{\"@id\":\"https:\/\/www.msplurielle.fr\/#organization\"},\"potentialAction\":[{\"@type\":\"SearchAction\",\"target\":{\"@type\":\"EntryPoint\",\"urlTemplate\":\"https:\/\/www.msplurielle.fr\/?s={search_term_string}\"},\"query-input\":{\"@type\":\"PropertyValueSpecification\",\"valueRequired\":true,\"valueName\":\"search_term_string\"}}],\"inLanguage\":\"fr-FR\"},{\"@type\":\"Organization\",\"@id\":\"https:\/\/www.msplurielle.fr\/#organization\",\"name\":\"Maison de soin Plurielle\",\"url\":\"https:\/\/www.msplurielle.fr\/\",\"logo\":{\"@type\":\"ImageObject\",\"inLanguage\":\"fr-FR\",\"@id\":\"https:\/\/www.msplurielle.fr\/#\/schema\/logo\/image\/\",\"url\":\"https:\/\/www.msplurielle.fr\/wp-content\/uploads\/2024\/11\/cropped-logoMSP.png\",\"contentUrl\":\"https:\/\/www.msplurielle.fr\/wp-content\/uploads\/2024\/11\/cropped-logoMSP.png\",\"width\":3506,\"height\":1580,\"caption\":\"Maison de soin Plurielle\"},\"image\":{\"@id\":\"https:\/\/www.msplurielle.fr\/#\/schema\/logo\/image\/\"}}]}<\/script>\n<!-- \/ Yoast SEO plugin. -->","yoast_head_json":{"title":"Mme Mathilde PUIG - Maison de soin Plurielle","robots":{"index":"index","follow":"follow","max-snippet":"max-snippet:-1","max-image-preview":"max-image-preview:large","max-video-preview":"max-video-preview:-1"},"canonical":"https:\/\/www.msplurielle.fr\/index.php\/mme-mathilde-puig\/","og_locale":"fr_FR","og_type":"article","og_title":"Mme Mathilde PUIG - Maison de soin Plurielle","og_description":"Psychomotricienne Titres officiels :2017 &#8211; Dipl\u00f4me d\u2019\u00c9tat de Psychomotricien Qualifications :Soins pour b\u00e9b\u00e9, enfant, adolescent, adulte, personne \u00e2g\u00e9e ayant des troubles du d\u00e9veloppement ou des d\u00e9sordres psychomoteurs Consultations propos\u00e9es :Bilan psychomoteurS\u00e9ance de 45 minS\u00e9ance de 30 minParticipation \u00e0 une r\u00e9union \u00e9ducativeBilan d\u2019\u00e9volution ou compte rendu de suivi","og_url":"https:\/\/www.msplurielle.fr\/index.php\/mme-mathilde-puig\/","og_site_name":"Maison de soin Plurielle","article_modified_time":"2024-11-06T20:12:55+00:00","og_image":[{"width":790,"height":89,"url":"https:\/\/www.msplurielle.fr\/wp-content\/uploads\/2024\/07\/banniere.jpg","type":"image\/jpeg"}],"twitter_card":"summary_large_image","twitter_misc":{"Dur\u00e9e de lecture estim\u00e9e":"1 minute"},"schema":{"@context":"https:\/\/schema.org","@graph":[{"@type":"WebPage","@id":"https:\/\/www.msplurielle.fr\/index.php\/mme-mathilde-puig\/","url":"https:\/\/www.msplurielle.fr\/index.php\/mme-mathilde-puig\/","name":"Mme Mathilde PUIG - Maison de soin Plurielle","isPartOf":{"@id":"https:\/\/www.msplurielle.fr\/#website"},"primaryImageOfPage":{"@id":"https:\/\/www.msplurielle.fr\/index.php\/mme-mathilde-puig\/#primaryimage"},"image":{"@id":"https:\/\/www.msplurielle.fr\/index.php\/mme-mathilde-puig\/#primaryimage"},"thumbnailUrl":"https:\/\/www.msplurielle.fr\/wp-content\/uploads\/2024\/07\/banniere.jpg","datePublished":"2024-10-08T19:48:17+00:00","dateModified":"2024-11-06T20:12:55+00:00","breadcrumb":{"@id":"https:\/\/www.msplurielle.fr\/index.php\/mme-mathilde-puig\/#breadcrumb"},"inLanguage":"fr-FR","potentialAction":[{"@type":"ReadAction","target":["https:\/\/www.msplurielle.fr\/index.php\/mme-mathilde-puig\/"]}]},{"@type":"ImageObject","inLanguage":"fr-FR","@id":"https:\/\/www.msplurielle.fr\/index.php\/mme-mathilde-puig\/#primaryimage","url":"https:\/\/www.msplurielle.fr\/wp-content\/uploads\/2024\/07\/banniere.jpg","contentUrl":"https:\/\/www.msplurielle.fr\/wp-content\/uploads\/2024\/07\/banniere.jpg","width":790,"height":89},{"@type":"BreadcrumbList","@id":"https:\/\/www.msplurielle.fr\/index.php\/mme-mathilde-puig\/#breadcrumb","itemListElement":[{"@type":"ListItem","position":1,"name":"Accueil","item":"https:\/\/www.msplurielle.fr\/"},{"@type":"ListItem","position":2,"name":"Mme Mathilde PUIG"}]},{"@type":"WebSite","@id":"https:\/\/www.msplurielle.fr\/#website","url":"https:\/\/www.msplurielle.fr\/","name":"Maison de soin Plurielle","description":"Hauts de Chazal - BESANCON","publisher":{"@id":"https:\/\/www.msplurielle.fr\/#organization"},"potentialAction":[{"@type":"SearchAction","target":{"@type":"EntryPoint","urlTemplate":"https:\/\/www.msplurielle.fr\/?s={search_term_string}"},"query-input":{"@type":"PropertyValueSpecification","valueRequired":true,"valueName":"search_term_string"}}],"inLanguage":"fr-FR"},{"@type":"Organization","@id":"https:\/\/www.msplurielle.fr\/#organization","name":"Maison de soin Plurielle","url":"https:\/\/www.msplurielle.fr\/","logo":{"@type":"ImageObject","inLanguage":"fr-FR","@id":"https:\/\/www.msplurielle.fr\/#\/schema\/logo\/image\/","url":"https:\/\/www.msplurielle.fr\/wp-content\/uploads\/2024\/11\/cropped-logoMSP.png","contentUrl":"https:\/\/www.msplurielle.fr\/wp-content\/uploads\/2024\/11\/cropped-logoMSP.png","width":3506,"height":1580,"caption":"Maison de soin Plurielle"},"image":{"@id":"https:\/\/www.msplurielle.fr\/#\/schema\/logo\/image\/"}}]}},"jetpack_sharing_enabled":true,"_links":{"self":[{"href":"https:\/\/www.msplurielle.fr\/index.php\/wp-json\/wp\/v2\/pages\/186","targetHints":{"allow":["GET"]}}],"collection":[{"href":"https:\/\/www.msplurielle.fr\/index.php\/wp-json\/wp\/v2\/pages"}],"about":[{"href":"https:\/\/www.msplurielle.fr\/index.php\/wp-json\/wp\/v2\/types\/page"}],"author":[{"embeddable":true,"href":"https:\/\/www.msplurielle.fr\/index.php\/wp-json\/wp\/v2\/users\/1"}],"replies":[{"embeddable":true,"href":"https:\/\/www.msplurielle.fr\/index.php\/wp-json\/wp\/v2\/comments?post=186"}],"version-history":[{"count":6,"href":"https:\/\/www.msplurielle.fr\/index.php\/wp-json\/wp\/v2\/pages\/186\/revisions"}],"predecessor-version":[{"id":414,"href":"https:\/\/www.msplurielle.fr\/index.php\/wp-json\/wp\/v2\/pages\/186\/revisions\/414"}],"wp:attachment":[{"href":"https:\/\/www.msplurielle.fr\/index.php\/wp-json\/wp\/v2\/media?parent=186"}],"curies":[{"name":"wp","href":"https:\/\/api.w.org\/{rel}","templated":true}]}}