{"id":147,"date":"2024-10-07T23:23:06","date_gmt":"2024-10-07T21:23:06","guid":{"rendered":"https:\/\/www.msplurielle.fr\/?page_id=147"},"modified":"2024-11-02T21:54:20","modified_gmt":"2024-11-02T20:54:20","slug":"dr-nelly-jeannin","status":"publish","type":"page","link":"https:\/\/www.msplurielle.fr\/index.php\/dr-nelly-jeannin\/","title":{"rendered":"Dr Nelly JEANNIN"},"content":{"rendered":"\n<figure class=\"wp-block-image aligncenter size-full is-resized\"><img fetchpriority=\"high\" decoding=\"async\" width=\"790\" height=\"89\" src=\"https:\/\/www.msplurielle.fr\/wp-content\/uploads\/2024\/07\/banniere.jpg\" alt=\"\" class=\"wp-image-30\" style=\"width:1154px;height:auto\" srcset=\"https:\/\/www.msplurielle.fr\/wp-content\/uploads\/2024\/07\/banniere.jpg 790w, https:\/\/www.msplurielle.fr\/wp-content\/uploads\/2024\/07\/banniere-300x34.jpg 300w, https:\/\/www.msplurielle.fr\/wp-content\/uploads\/2024\/07\/banniere-768x87.jpg 768w\" sizes=\"(max-width: 790px) 100vw, 790px\" \/><\/figure>\n\n\n\n<h2 class=\"wp-block-heading tw-block-animation tw-animation-scale-in\">Psychiatre<\/h2>\n\n\n\n<p class=\"tw-block-animation tw-animation-fade-in-up\"><strong><em>Titres officiels<\/em> :<\/strong><\/p>\n\n\n\n<ul class=\"wp-block-list tw-block-animation tw-animation-fade-in-up\">\n<li class=\"tw-block-animation tw-animation-scale-in\">Dipl\u00f4m\u00e9e de la facult\u00e9 de M\u00e9decine de Besan\u00e7on<\/li>\n\n\n\n<li class=\"tw-block-animation tw-animation-scale-in\">2017 &#8211; Dipl\u00f4me d&rsquo;Etat de Docteur en m\u00e9decine<\/li>\n\n\n\n<li class=\"tw-block-animation tw-animation-scale-in\">2017 &#8211; Dipl\u00f4me d\u2019Etudes Sp\u00e9cialis\u00e9es en psychiatrie<\/li>\n<\/ul>\n\n\n\n<p class=\"tw-block-animation tw-animation-fade-in-up\"><em><strong>Qualifications<\/strong><\/em> :<\/p>\n\n\n\n<ul class=\"wp-block-list tw-block-animation tw-animation-fade-in-up\">\n<li>Psychiatrie de l\u2019adulte <\/li>\n\n\n\n<li>Toutes pathologies qu\u2019elles soient aigu\u00ebs ou chroniques : syndrome d\u00e9pressif, troubles bipolaires, troubles anxieux, schizophr\u00e9nie, troubles du neurod\u00e9veloppement, \u2026<\/li>\n<\/ul>\n\n\n\n<p class=\"tw-block-animation tw-animation-fade-in-up\"><strong><em>Consultations <\/em><\/strong>:<\/p>\n\n\n\n<ul class=\"wp-block-list tw-block-animation tw-animation-fade-in-up\">\n<li>Suivi des pathologies psychiatriques &#8211; Conventionn\u00e9e Secteur 1 <\/li>\n\n\n\n<li>Psychoth\u00e9rapie<\/li>\n\n\n\n<li>Avis ponctuels sur demande du m\u00e9decin traitant<\/li>\n\n\n\n<li>Examens en vue de l&rsquo;instauration d&rsquo;une mesure de protection<\/li>\n<\/ul>\n\n\n\n<p><\/p>\n","protected":false},"excerpt":{"rendered":"<p>Psychiatre Titres officiels : Qualifications : Consultations :<\/p>\n","protected":false},"author":1,"featured_media":0,"parent":0,"menu_order":0,"comment_status":"closed","ping_status":"closed","template":"","meta":{"inspiro_hide_title":false,"footnotes":""},"class_list":["post-147","page","type-page","status-publish","hentry"],"yoast_head":"<!-- This site is optimized with the Yoast SEO plugin v25.9 - https:\/\/yoast.com\/wordpress\/plugins\/seo\/ -->\n<title>Dr Nelly JEANNIN - Maison de soin Plurielle<\/title>\n<meta name=\"robots\" content=\"index, follow, max-snippet:-1, max-image-preview:large, max-video-preview:-1\" \/>\n<link rel=\"canonical\" href=\"https:\/\/www.msplurielle.fr\/index.php\/dr-nelly-jeannin\/\" \/>\n<meta property=\"og:locale\" content=\"fr_FR\" \/>\n<meta property=\"og:type\" content=\"article\" \/>\n<meta property=\"og:title\" content=\"Dr Nelly JEANNIN - Maison de soin Plurielle\" \/>\n<meta property=\"og:description\" content=\"Psychiatre Titres officiels : Qualifications : Consultations :\" \/>\n<meta property=\"og:url\" content=\"https:\/\/www.msplurielle.fr\/index.php\/dr-nelly-jeannin\/\" \/>\n<meta property=\"og:site_name\" content=\"Maison de soin Plurielle\" \/>\n<meta property=\"article:modified_time\" content=\"2024-11-02T20:54:20+00:00\" \/>\n<meta property=\"og:image\" content=\"https:\/\/www.msplurielle.fr\/wp-content\/uploads\/2024\/07\/banniere.jpg\" \/>\n\t<meta property=\"og:image:width\" content=\"790\" \/>\n\t<meta property=\"og:image:height\" content=\"89\" \/>\n\t<meta property=\"og:image:type\" content=\"image\/jpeg\" \/>\n<meta name=\"twitter:card\" content=\"summary_large_image\" \/>\n<script type=\"application\/ld+json\" class=\"yoast-schema-graph\">{\"@context\":\"https:\/\/schema.org\",\"@graph\":[{\"@type\":\"WebPage\",\"@id\":\"https:\/\/www.msplurielle.fr\/index.php\/dr-nelly-jeannin\/\",\"url\":\"https:\/\/www.msplurielle.fr\/index.php\/dr-nelly-jeannin\/\",\"name\":\"Dr Nelly JEANNIN - Maison de soin Plurielle\",\"isPartOf\":{\"@id\":\"https:\/\/www.msplurielle.fr\/#website\"},\"primaryImageOfPage\":{\"@id\":\"https:\/\/www.msplurielle.fr\/index.php\/dr-nelly-jeannin\/#primaryimage\"},\"image\":{\"@id\":\"https:\/\/www.msplurielle.fr\/index.php\/dr-nelly-jeannin\/#primaryimage\"},\"thumbnailUrl\":\"https:\/\/www.msplurielle.fr\/wp-content\/uploads\/2024\/07\/banniere.jpg\",\"datePublished\":\"2024-10-07T21:23:06+00:00\",\"dateModified\":\"2024-11-02T20:54:20+00:00\",\"breadcrumb\":{\"@id\":\"https:\/\/www.msplurielle.fr\/index.php\/dr-nelly-jeannin\/#breadcrumb\"},\"inLanguage\":\"fr-FR\",\"potentialAction\":[{\"@type\":\"ReadAction\",\"target\":[\"https:\/\/www.msplurielle.fr\/index.php\/dr-nelly-jeannin\/\"]}]},{\"@type\":\"ImageObject\",\"inLanguage\":\"fr-FR\",\"@id\":\"https:\/\/www.msplurielle.fr\/index.php\/dr-nelly-jeannin\/#primaryimage\",\"url\":\"https:\/\/www.msplurielle.fr\/wp-content\/uploads\/2024\/07\/banniere.jpg\",\"contentUrl\":\"https:\/\/www.msplurielle.fr\/wp-content\/uploads\/2024\/07\/banniere.jpg\",\"width\":790,\"height\":89},{\"@type\":\"BreadcrumbList\",\"@id\":\"https:\/\/www.msplurielle.fr\/index.php\/dr-nelly-jeannin\/#breadcrumb\",\"itemListElement\":[{\"@type\":\"ListItem\",\"position\":1,\"name\":\"Accueil\",\"item\":\"https:\/\/www.msplurielle.fr\/\"},{\"@type\":\"ListItem\",\"position\":2,\"name\":\"Dr Nelly JEANNIN\"}]},{\"@type\":\"WebSite\",\"@id\":\"https:\/\/www.msplurielle.fr\/#website\",\"url\":\"https:\/\/www.msplurielle.fr\/\",\"name\":\"Maison de soin Plurielle\",\"description\":\"Hauts de Chazal - BESANCON\",\"publisher\":{\"@id\":\"https:\/\/www.msplurielle.fr\/#organization\"},\"potentialAction\":[{\"@type\":\"SearchAction\",\"target\":{\"@type\":\"EntryPoint\",\"urlTemplate\":\"https:\/\/www.msplurielle.fr\/?s={search_term_string}\"},\"query-input\":{\"@type\":\"PropertyValueSpecification\",\"valueRequired\":true,\"valueName\":\"search_term_string\"}}],\"inLanguage\":\"fr-FR\"},{\"@type\":\"Organization\",\"@id\":\"https:\/\/www.msplurielle.fr\/#organization\",\"name\":\"Maison de soin Plurielle\",\"url\":\"https:\/\/www.msplurielle.fr\/\",\"logo\":{\"@type\":\"ImageObject\",\"inLanguage\":\"fr-FR\",\"@id\":\"https:\/\/www.msplurielle.fr\/#\/schema\/logo\/image\/\",\"url\":\"https:\/\/www.msplurielle.fr\/wp-content\/uploads\/2024\/11\/cropped-logoMSP.png\",\"contentUrl\":\"https:\/\/www.msplurielle.fr\/wp-content\/uploads\/2024\/11\/cropped-logoMSP.png\",\"width\":3506,\"height\":1580,\"caption\":\"Maison de soin Plurielle\"},\"image\":{\"@id\":\"https:\/\/www.msplurielle.fr\/#\/schema\/logo\/image\/\"}}]}<\/script>\n<!-- \/ Yoast SEO plugin. -->","yoast_head_json":{"title":"Dr Nelly JEANNIN - Maison de soin Plurielle","robots":{"index":"index","follow":"follow","max-snippet":"max-snippet:-1","max-image-preview":"max-image-preview:large","max-video-preview":"max-video-preview:-1"},"canonical":"https:\/\/www.msplurielle.fr\/index.php\/dr-nelly-jeannin\/","og_locale":"fr_FR","og_type":"article","og_title":"Dr Nelly JEANNIN - Maison de soin Plurielle","og_description":"Psychiatre Titres officiels : Qualifications : Consultations :","og_url":"https:\/\/www.msplurielle.fr\/index.php\/dr-nelly-jeannin\/","og_site_name":"Maison de soin Plurielle","article_modified_time":"2024-11-02T20:54:20+00:00","og_image":[{"width":790,"height":89,"url":"https:\/\/www.msplurielle.fr\/wp-content\/uploads\/2024\/07\/banniere.jpg","type":"image\/jpeg"}],"twitter_card":"summary_large_image","schema":{"@context":"https:\/\/schema.org","@graph":[{"@type":"WebPage","@id":"https:\/\/www.msplurielle.fr\/index.php\/dr-nelly-jeannin\/","url":"https:\/\/www.msplurielle.fr\/index.php\/dr-nelly-jeannin\/","name":"Dr Nelly JEANNIN - Maison de soin Plurielle","isPartOf":{"@id":"https:\/\/www.msplurielle.fr\/#website"},"primaryImageOfPage":{"@id":"https:\/\/www.msplurielle.fr\/index.php\/dr-nelly-jeannin\/#primaryimage"},"image":{"@id":"https:\/\/www.msplurielle.fr\/index.php\/dr-nelly-jeannin\/#primaryimage"},"thumbnailUrl":"https:\/\/www.msplurielle.fr\/wp-content\/uploads\/2024\/07\/banniere.jpg","datePublished":"2024-10-07T21:23:06+00:00","dateModified":"2024-11-02T20:54:20+00:00","breadcrumb":{"@id":"https:\/\/www.msplurielle.fr\/index.php\/dr-nelly-jeannin\/#breadcrumb"},"inLanguage":"fr-FR","potentialAction":[{"@type":"ReadAction","target":["https:\/\/www.msplurielle.fr\/index.php\/dr-nelly-jeannin\/"]}]},{"@type":"ImageObject","inLanguage":"fr-FR","@id":"https:\/\/www.msplurielle.fr\/index.php\/dr-nelly-jeannin\/#primaryimage","url":"https:\/\/www.msplurielle.fr\/wp-content\/uploads\/2024\/07\/banniere.jpg","contentUrl":"https:\/\/www.msplurielle.fr\/wp-content\/uploads\/2024\/07\/banniere.jpg","width":790,"height":89},{"@type":"BreadcrumbList","@id":"https:\/\/www.msplurielle.fr\/index.php\/dr-nelly-jeannin\/#breadcrumb","itemListElement":[{"@type":"ListItem","position":1,"name":"Accueil","item":"https:\/\/www.msplurielle.fr\/"},{"@type":"ListItem","position":2,"name":"Dr Nelly JEANNIN"}]},{"@type":"WebSite","@id":"https:\/\/www.msplurielle.fr\/#website","url":"https:\/\/www.msplurielle.fr\/","name":"Maison de soin Plurielle","description":"Hauts de Chazal - BESANCON","publisher":{"@id":"https:\/\/www.msplurielle.fr\/#organization"},"potentialAction":[{"@type":"SearchAction","target":{"@type":"EntryPoint","urlTemplate":"https:\/\/www.msplurielle.fr\/?s={search_term_string}"},"query-input":{"@type":"PropertyValueSpecification","valueRequired":true,"valueName":"search_term_string"}}],"inLanguage":"fr-FR"},{"@type":"Organization","@id":"https:\/\/www.msplurielle.fr\/#organization","name":"Maison de soin Plurielle","url":"https:\/\/www.msplurielle.fr\/","logo":{"@type":"ImageObject","inLanguage":"fr-FR","@id":"https:\/\/www.msplurielle.fr\/#\/schema\/logo\/image\/","url":"https:\/\/www.msplurielle.fr\/wp-content\/uploads\/2024\/11\/cropped-logoMSP.png","contentUrl":"https:\/\/www.msplurielle.fr\/wp-content\/uploads\/2024\/11\/cropped-logoMSP.png","width":3506,"height":1580,"caption":"Maison de soin Plurielle"},"image":{"@id":"https:\/\/www.msplurielle.fr\/#\/schema\/logo\/image\/"}}]}},"jetpack_sharing_enabled":true,"_links":{"self":[{"href":"https:\/\/www.msplurielle.fr\/index.php\/wp-json\/wp\/v2\/pages\/147","targetHints":{"allow":["GET"]}}],"collection":[{"href":"https:\/\/www.msplurielle.fr\/index.php\/wp-json\/wp\/v2\/pages"}],"about":[{"href":"https:\/\/www.msplurielle.fr\/index.php\/wp-json\/wp\/v2\/types\/page"}],"author":[{"embeddable":true,"href":"https:\/\/www.msplurielle.fr\/index.php\/wp-json\/wp\/v2\/users\/1"}],"replies":[{"embeddable":true,"href":"https:\/\/www.msplurielle.fr\/index.php\/wp-json\/wp\/v2\/comments?post=147"}],"version-history":[{"count":23,"href":"https:\/\/www.msplurielle.fr\/index.php\/wp-json\/wp\/v2\/pages\/147\/revisions"}],"predecessor-version":[{"id":388,"href":"https:\/\/www.msplurielle.fr\/index.php\/wp-json\/wp\/v2\/pages\/147\/revisions\/388"}],"wp:attachment":[{"href":"https:\/\/www.msplurielle.fr\/index.php\/wp-json\/wp\/v2\/media?parent=147"}],"curies":[{"name":"wp","href":"https:\/\/api.w.org\/{rel}","templated":true}]}}