{"id":14,"date":"2024-10-07T22:20:11","date_gmt":"2024-10-07T20:20:11","guid":{"rendered":"https:\/\/www.msplurielle.fr\/?page_id=14"},"modified":"2024-11-07T22:55:28","modified_gmt":"2024-11-07T21:55:28","slug":"accueil","status":"publish","type":"page","link":"https:\/\/www.msplurielle.fr\/","title":{"rendered":"Accueil"},"content":{"rendered":"\n<figure class=\"wp-block-image aligncenter size-large\"><img fetchpriority=\"high\" decoding=\"async\" width=\"1024\" height=\"116\" src=\"https:\/\/www.msplurielle.fr\/wp-content\/uploads\/2024\/11\/banniere6-1024x116.jpg\" alt=\"\" class=\"wp-image-421\" srcset=\"https:\/\/www.msplurielle.fr\/wp-content\/uploads\/2024\/11\/banniere6-1024x116.jpg 1024w, https:\/\/www.msplurielle.fr\/wp-content\/uploads\/2024\/11\/banniere6-300x34.jpg 300w, https:\/\/www.msplurielle.fr\/wp-content\/uploads\/2024\/11\/banniere6-2000x226.jpg 2000w\" sizes=\"(max-width: 1024px) 100vw, 1024px\" \/><\/figure>\n\n\n\n<h2 class=\"wp-block-heading tw-block-animation tw-animation-scale-in\">Bienvenue<\/h2>\n\n\n\n<p class=\"tw-block-animation tw-animation-scale-in\"><em>La Maison de Soin Plurielle<\/em>, centre pluridisciplinaire, est n\u00e9e de la volont\u00e9 de professionnels de sant\u00e9 de vous offrir des soins vari\u00e9s, compl\u00e9mentaires et actualis\u00e9s.<\/p>\n\n\n\n<p class=\"tw-block-animation tw-animation-scale-in\">L\u2019\u00e9quipe souhaite apporter une r\u00e9ponse humaine, personnalis\u00e9e et globale aux probl\u00e9matiques corporelles comme psychiques.<\/p>\n\n\n\n<p class=\"tw-block-animation tw-animation-scale-in\">Riche de la diversit\u00e9 des praticiens qui la compose,&nbsp;<em>la Maison de Soin Plurielle<\/em>&nbsp;s\u2019attache \u00e0 proposer des consultations et un accompagnement m\u00e9dical et param\u00e9dical pour tous, du nourrisson au s\u00e9nior.<\/p>\n\n\n\n<p class=\"tw-block-animation tw-animation-scale-in\">Vous pouvez d\u00e9couvrir notre offre de soin coordonn\u00e9e au travers des&nbsp;<a href=\"https:\/\/www.msplurielle.fr\/index.php\/team\/\" target=\"_blank\" rel=\"noreferrer noopener\">fiches de chaque professionnel<\/a>&nbsp;de l\u2019\u00e9quipe.<\/p>\n\n\n\n<p class=\"tw-block-animation tw-animation-scale-in\">L\u2019\u00e9quipe de la Maison de Soin Plurielle.<\/p>\n\n\n\n<p><\/p>\n\n\n\n<p><\/p>\n\n\n\n<p><\/p>\n\n\n\n<p><\/p>\n\n\n\n<p><\/p>\n","protected":false},"excerpt":{"rendered":"<p>Bienvenue La Maison de Soin Plurielle, centre pluridisciplinaire, est n\u00e9e de la volont\u00e9 de professionnels de sant\u00e9 de vous offrir des soins vari\u00e9s, compl\u00e9mentaires et actualis\u00e9s. L\u2019\u00e9quipe souhaite apporter une r\u00e9ponse humaine, personnalis\u00e9e et globale aux probl\u00e9matiques corporelles comme psychiques. Riche de la diversit\u00e9 des praticiens qui la compose,&nbsp;la Maison de Soin Plurielle&nbsp;s\u2019attache \u00e0 proposer &hellip; <\/p>\n<p class=\"link-more\"><a href=\"https:\/\/www.msplurielle.fr\/\" class=\"more-link\">Lire la suite de<span class=\"screen-reader-text\">\u00ab\u00a0Accueil\u00a0\u00bb<\/span><\/a><\/p>\n","protected":false},"author":1,"featured_media":0,"parent":0,"menu_order":0,"comment_status":"closed","ping_status":"closed","template":"","meta":{"inspiro_hide_title":false,"footnotes":""},"class_list":["post-14","page","type-page","status-publish","hentry"],"yoast_head":"<!-- This site is optimized with the Yoast SEO plugin v25.9 - https:\/\/yoast.com\/wordpress\/plugins\/seo\/ -->\n<title>Accueil - Maison de soin Plurielle<\/title>\n<meta name=\"robots\" content=\"index, follow, max-snippet:-1, max-image-preview:large, max-video-preview:-1\" \/>\n<link rel=\"canonical\" href=\"https:\/\/www.msplurielle.fr\/\" \/>\n<meta property=\"og:locale\" content=\"fr_FR\" \/>\n<meta property=\"og:type\" content=\"article\" \/>\n<meta property=\"og:title\" content=\"Accueil - Maison de soin Plurielle\" \/>\n<meta property=\"og:description\" content=\"Bienvenue La Maison de Soin Plurielle, centre pluridisciplinaire, est n\u00e9e de la volont\u00e9 de professionnels de sant\u00e9 de vous offrir des soins vari\u00e9s, compl\u00e9mentaires et actualis\u00e9s. L\u2019\u00e9quipe souhaite apporter une r\u00e9ponse humaine, personnalis\u00e9e et globale aux probl\u00e9matiques corporelles comme psychiques. Riche de la diversit\u00e9 des praticiens qui la compose,&nbsp;la Maison de Soin Plurielle&nbsp;s\u2019attache \u00e0 proposer &hellip; Lire la suite de\u00ab\u00a0Accueil\u00a0\u00bb\" \/>\n<meta property=\"og:url\" content=\"https:\/\/www.msplurielle.fr\/\" \/>\n<meta property=\"og:site_name\" content=\"Maison de soin Plurielle\" \/>\n<meta property=\"article:modified_time\" content=\"2024-11-07T21:55:28+00:00\" \/>\n<meta property=\"og:image\" content=\"https:\/\/www.msplurielle.fr\/wp-content\/uploads\/2024\/11\/banniere6-scaled.jpg\" \/>\n\t<meta property=\"og:image:width\" content=\"2560\" \/>\n\t<meta property=\"og:image:height\" content=\"290\" \/>\n\t<meta property=\"og:image:type\" content=\"image\/jpeg\" \/>\n<meta name=\"twitter:card\" content=\"summary_large_image\" \/>\n<meta name=\"twitter:label1\" content=\"Dur\u00e9e de lecture estim\u00e9e\" \/>\n\t<meta name=\"twitter:data1\" content=\"1 minute\" \/>\n<script type=\"application\/ld+json\" class=\"yoast-schema-graph\">{\"@context\":\"https:\/\/schema.org\",\"@graph\":[{\"@type\":\"WebPage\",\"@id\":\"https:\/\/www.msplurielle.fr\/\",\"url\":\"https:\/\/www.msplurielle.fr\/\",\"name\":\"Accueil - Maison de soin Plurielle\",\"isPartOf\":{\"@id\":\"https:\/\/www.msplurielle.fr\/#website\"},\"primaryImageOfPage\":{\"@id\":\"https:\/\/www.msplurielle.fr\/#primaryimage\"},\"image\":{\"@id\":\"https:\/\/www.msplurielle.fr\/#primaryimage\"},\"thumbnailUrl\":\"https:\/\/www.msplurielle.fr\/wp-content\/uploads\/2024\/11\/banniere6-1024x116.jpg\",\"datePublished\":\"2024-10-07T20:20:11+00:00\",\"dateModified\":\"2024-11-07T21:55:28+00:00\",\"breadcrumb\":{\"@id\":\"https:\/\/www.msplurielle.fr\/#breadcrumb\"},\"inLanguage\":\"fr-FR\",\"potentialAction\":[{\"@type\":\"ReadAction\",\"target\":[\"https:\/\/www.msplurielle.fr\/\"]}]},{\"@type\":\"ImageObject\",\"inLanguage\":\"fr-FR\",\"@id\":\"https:\/\/www.msplurielle.fr\/#primaryimage\",\"url\":\"https:\/\/www.msplurielle.fr\/wp-content\/uploads\/2024\/11\/banniere6-scaled.jpg\",\"contentUrl\":\"https:\/\/www.msplurielle.fr\/wp-content\/uploads\/2024\/11\/banniere6-scaled.jpg\",\"width\":2560,\"height\":290},{\"@type\":\"BreadcrumbList\",\"@id\":\"https:\/\/www.msplurielle.fr\/#breadcrumb\",\"itemListElement\":[{\"@type\":\"ListItem\",\"position\":1,\"name\":\"Accueil\",\"item\":\"https:\/\/www.msplurielle.fr\/\"},{\"@type\":\"ListItem\",\"position\":2,\"name\":\"Accueil\"}]},{\"@type\":\"WebSite\",\"@id\":\"https:\/\/www.msplurielle.fr\/#website\",\"url\":\"https:\/\/www.msplurielle.fr\/\",\"name\":\"Maison de soin Plurielle\",\"description\":\"Hauts de Chazal - BESANCON\",\"publisher\":{\"@id\":\"https:\/\/www.msplurielle.fr\/#organization\"},\"potentialAction\":[{\"@type\":\"SearchAction\",\"target\":{\"@type\":\"EntryPoint\",\"urlTemplate\":\"https:\/\/www.msplurielle.fr\/?s={search_term_string}\"},\"query-input\":{\"@type\":\"PropertyValueSpecification\",\"valueRequired\":true,\"valueName\":\"search_term_string\"}}],\"inLanguage\":\"fr-FR\"},{\"@type\":\"Organization\",\"@id\":\"https:\/\/www.msplurielle.fr\/#organization\",\"name\":\"Maison de soin Plurielle\",\"url\":\"https:\/\/www.msplurielle.fr\/\",\"logo\":{\"@type\":\"ImageObject\",\"inLanguage\":\"fr-FR\",\"@id\":\"https:\/\/www.msplurielle.fr\/#\/schema\/logo\/image\/\",\"url\":\"https:\/\/www.msplurielle.fr\/wp-content\/uploads\/2024\/11\/cropped-logoMSP.png\",\"contentUrl\":\"https:\/\/www.msplurielle.fr\/wp-content\/uploads\/2024\/11\/cropped-logoMSP.png\",\"width\":3506,\"height\":1580,\"caption\":\"Maison de soin Plurielle\"},\"image\":{\"@id\":\"https:\/\/www.msplurielle.fr\/#\/schema\/logo\/image\/\"}}]}<\/script>\n<!-- \/ Yoast SEO plugin. -->","yoast_head_json":{"title":"Accueil - Maison de soin Plurielle","robots":{"index":"index","follow":"follow","max-snippet":"max-snippet:-1","max-image-preview":"max-image-preview:large","max-video-preview":"max-video-preview:-1"},"canonical":"https:\/\/www.msplurielle.fr\/","og_locale":"fr_FR","og_type":"article","og_title":"Accueil - Maison de soin Plurielle","og_description":"Bienvenue La Maison de Soin Plurielle, centre pluridisciplinaire, est n\u00e9e de la volont\u00e9 de professionnels de sant\u00e9 de vous offrir des soins vari\u00e9s, compl\u00e9mentaires et actualis\u00e9s. L\u2019\u00e9quipe souhaite apporter une r\u00e9ponse humaine, personnalis\u00e9e et globale aux probl\u00e9matiques corporelles comme psychiques. Riche de la diversit\u00e9 des praticiens qui la compose,&nbsp;la Maison de Soin Plurielle&nbsp;s\u2019attache \u00e0 proposer &hellip; Lire la suite de\u00ab\u00a0Accueil\u00a0\u00bb","og_url":"https:\/\/www.msplurielle.fr\/","og_site_name":"Maison de soin Plurielle","article_modified_time":"2024-11-07T21:55:28+00:00","og_image":[{"width":2560,"height":290,"url":"https:\/\/www.msplurielle.fr\/wp-content\/uploads\/2024\/11\/banniere6-scaled.jpg","type":"image\/jpeg"}],"twitter_card":"summary_large_image","twitter_misc":{"Dur\u00e9e de lecture estim\u00e9e":"1 minute"},"schema":{"@context":"https:\/\/schema.org","@graph":[{"@type":"WebPage","@id":"https:\/\/www.msplurielle.fr\/","url":"https:\/\/www.msplurielle.fr\/","name":"Accueil - Maison de soin Plurielle","isPartOf":{"@id":"https:\/\/www.msplurielle.fr\/#website"},"primaryImageOfPage":{"@id":"https:\/\/www.msplurielle.fr\/#primaryimage"},"image":{"@id":"https:\/\/www.msplurielle.fr\/#primaryimage"},"thumbnailUrl":"https:\/\/www.msplurielle.fr\/wp-content\/uploads\/2024\/11\/banniere6-1024x116.jpg","datePublished":"2024-10-07T20:20:11+00:00","dateModified":"2024-11-07T21:55:28+00:00","breadcrumb":{"@id":"https:\/\/www.msplurielle.fr\/#breadcrumb"},"inLanguage":"fr-FR","potentialAction":[{"@type":"ReadAction","target":["https:\/\/www.msplurielle.fr\/"]}]},{"@type":"ImageObject","inLanguage":"fr-FR","@id":"https:\/\/www.msplurielle.fr\/#primaryimage","url":"https:\/\/www.msplurielle.fr\/wp-content\/uploads\/2024\/11\/banniere6-scaled.jpg","contentUrl":"https:\/\/www.msplurielle.fr\/wp-content\/uploads\/2024\/11\/banniere6-scaled.jpg","width":2560,"height":290},{"@type":"BreadcrumbList","@id":"https:\/\/www.msplurielle.fr\/#breadcrumb","itemListElement":[{"@type":"ListItem","position":1,"name":"Accueil","item":"https:\/\/www.msplurielle.fr\/"},{"@type":"ListItem","position":2,"name":"Accueil"}]},{"@type":"WebSite","@id":"https:\/\/www.msplurielle.fr\/#website","url":"https:\/\/www.msplurielle.fr\/","name":"Maison de soin Plurielle","description":"Hauts de Chazal - BESANCON","publisher":{"@id":"https:\/\/www.msplurielle.fr\/#organization"},"potentialAction":[{"@type":"SearchAction","target":{"@type":"EntryPoint","urlTemplate":"https:\/\/www.msplurielle.fr\/?s={search_term_string}"},"query-input":{"@type":"PropertyValueSpecification","valueRequired":true,"valueName":"search_term_string"}}],"inLanguage":"fr-FR"},{"@type":"Organization","@id":"https:\/\/www.msplurielle.fr\/#organization","name":"Maison de soin Plurielle","url":"https:\/\/www.msplurielle.fr\/","logo":{"@type":"ImageObject","inLanguage":"fr-FR","@id":"https:\/\/www.msplurielle.fr\/#\/schema\/logo\/image\/","url":"https:\/\/www.msplurielle.fr\/wp-content\/uploads\/2024\/11\/cropped-logoMSP.png","contentUrl":"https:\/\/www.msplurielle.fr\/wp-content\/uploads\/2024\/11\/cropped-logoMSP.png","width":3506,"height":1580,"caption":"Maison de soin Plurielle"},"image":{"@id":"https:\/\/www.msplurielle.fr\/#\/schema\/logo\/image\/"}}]}},"jetpack_sharing_enabled":true,"_links":{"self":[{"href":"https:\/\/www.msplurielle.fr\/index.php\/wp-json\/wp\/v2\/pages\/14","targetHints":{"allow":["GET"]}}],"collection":[{"href":"https:\/\/www.msplurielle.fr\/index.php\/wp-json\/wp\/v2\/pages"}],"about":[{"href":"https:\/\/www.msplurielle.fr\/index.php\/wp-json\/wp\/v2\/types\/page"}],"author":[{"embeddable":true,"href":"https:\/\/www.msplurielle.fr\/index.php\/wp-json\/wp\/v2\/users\/1"}],"replies":[{"embeddable":true,"href":"https:\/\/www.msplurielle.fr\/index.php\/wp-json\/wp\/v2\/comments?post=14"}],"version-history":[{"count":24,"href":"https:\/\/www.msplurielle.fr\/index.php\/wp-json\/wp\/v2\/pages\/14\/revisions"}],"predecessor-version":[{"id":422,"href":"https:\/\/www.msplurielle.fr\/index.php\/wp-json\/wp\/v2\/pages\/14\/revisions\/422"}],"wp:attachment":[{"href":"https:\/\/www.msplurielle.fr\/index.php\/wp-json\/wp\/v2\/media?parent=14"}],"curies":[{"name":"wp","href":"https:\/\/api.w.org\/{rel}","templated":true}]}}