{"id":111,"date":"2024-10-07T21:50:07","date_gmt":"2024-10-07T19:50:07","guid":{"rendered":"https:\/\/www.msplurielle.fr\/?page_id=111"},"modified":"2025-04-10T21:34:54","modified_gmt":"2025-04-10T19:34:54","slug":"team","status":"publish","type":"page","link":"https:\/\/www.msplurielle.fr\/index.php\/team\/","title":{"rendered":"Notre \u00c9quipe"},"content":{"rendered":"\n<div class=\"tmm tmm_equipe-soignante\"><div class=\"tmm_4_columns tmm_wrap tmm_theme_f\"><span class=\"tmm_two_containers_tablet\"><\/span><div class=\"tmm_container\"><div class=\"tmm_member\" style=\"border-top:#e0b30f solid 5px;\"><a target=\"_blank\" rel=\"noopener noreferrer\" href=\"https:\/\/www.msplurielle.fr\/index.php\/mme-celine-laurent\/\" title=\"Mme C\u00e9line LAURENT\"><div class=\"tmm_photo tmm_pic_equipe-soignante_0\" style=\"background: url(https:\/\/www.msplurielle.fr\/wp-content\/uploads\/2024\/10\/mme_celine_laurent.jpg); margin-left: auto; margin-right:auto; background-size:cover !important;\"><\/div><\/a><div class=\"tmm_textblock\"><div class=\"tmm_names\"><span class=\"tmm_fname\">Mme C\u00e9line<\/span> <span class=\"tmm_lname\">LAURENT<\/span><\/div><div class=\"tmm_job\">Orthophoniste<\/div><div class=\"tmm_scblock\"><a target=\"_blank\" class=\"tmm_sociallink\" href=\"https:\/\/orthophonie.app\/#\/inscription\/patient?ortho=62e1402a8548d53a869e6921&#038;bilan=true\" title=\"Prendre RDV\"><img decoding=\"async\" alt=\"Prendre RDV\" src=\"https:\/\/www.msplurielle.fr\/wp-content\/plugins\/team-members\/inc\/img\/links\/website.png\"\/><\/a><a class=\"tmm_sociallink\" href=\"tel:0652357840\" title=\"T\u00e9l\u00e9phone\"><img decoding=\"async\" alt=\"T\u00e9l\u00e9phone\" src=\"https:\/\/www.msplurielle.fr\/wp-content\/plugins\/team-members\/inc\/img\/links\/phone.png\"\/><\/a><\/div><\/div><\/div><div class=\"tmm_member\" style=\"border-top:#e0b30f solid 5px;\"><a target=\"_blank\" rel=\"noopener noreferrer\" href=\"https:\/\/www.msplurielle.fr\/index.php\/mr-florian-bougaud\/\" title=\"Mr Florian BOUGAUD\"><div class=\"tmm_photo tmm_pic_equipe-soignante_1\" style=\"background: url(https:\/\/www.msplurielle.fr\/wp-content\/uploads\/2024\/10\/mr_florian_bougaud.jpg); margin-left: auto; margin-right:auto; background-size:cover !important;\"><\/div><\/a><div class=\"tmm_textblock\"><div class=\"tmm_names\"><span class=\"tmm_fname\">Mr Florian<\/span> <span class=\"tmm_lname\">BOUGAUD<\/span><\/div><div class=\"tmm_job\">Psychologue<\/div><div class=\"tmm_scblock\"><a target=\"_blank\" class=\"tmm_sociallink\" href=\"https:\/\/www.doctolib.fr\/psychologue\/besancon\/florian-bougaud?pid=practice-193674\" title=\"Doctolib\"><img decoding=\"async\" alt=\"Doctolib\" src=\"https:\/\/www.msplurielle.fr\/wp-content\/plugins\/team-members\/inc\/img\/links\/vk.png\"\/><\/a><\/div><\/div><\/div><span class=\"tmm_two_containers_tablet\"><\/span><div class=\"tmm_member\" style=\"border-top:#e0b30f solid 5px;\"><a target=\"_blank\" rel=\"noopener noreferrer\" href=\"https:\/\/www.msplurielle.fr\/index.php\/dr-nelly-jeannin\/\" title=\"Dr Nelly JEANNIN\"><div class=\"tmm_photo tmm_pic_equipe-soignante_2\" style=\"background: url(https:\/\/www.msplurielle.fr\/wp-content\/uploads\/2024\/10\/dr_nelly_jeannin.jpg); margin-left: auto; margin-right:auto; background-size:cover !important;\"><\/div><\/a><div class=\"tmm_textblock\"><div class=\"tmm_names\"><span class=\"tmm_fname\">Dr Nelly<\/span> <span class=\"tmm_lname\">JEANNIN<\/span><\/div><div class=\"tmm_job\">Psychiatre<\/div><div class=\"tmm_scblock\"><a target=\"_blank\" class=\"tmm_sociallink\" href=\"https:\/\/www.doctolib.fr\/psychiatre\/besancon\/nelly-jeannin\" title=\"Doctolib\"><img decoding=\"async\" alt=\"Doctolib\" src=\"https:\/\/www.msplurielle.fr\/wp-content\/plugins\/team-members\/inc\/img\/links\/vk.png\"\/><\/a><a class=\"tmm_sociallink\" href=\"tel:0374952603\" title=\"Telephone\"><img decoding=\"async\" alt=\"Telephone\" src=\"https:\/\/www.msplurielle.fr\/wp-content\/plugins\/team-members\/inc\/img\/links\/phone.png\"\/><\/a><\/div><\/div><\/div><div class=\"tmm_member\" style=\"border-top:#e0b30f solid 5px;\"><a target=\"_blank\" rel=\"noopener noreferrer\" href=\"https:\/\/www.msplurielle.fr\/index.php\/mme-mathilde-puig\/\" title=\"Mme Mathilde PUIG\"><div class=\"tmm_photo tmm_pic_equipe-soignante_3\" style=\"background: url(https:\/\/www.msplurielle.fr\/wp-content\/uploads\/2024\/10\/mme_mathilde_puig-2.jpg); margin-left: auto; margin-right:auto; background-size:cover !important;\"><\/div><\/a><div class=\"tmm_textblock\"><div class=\"tmm_names\"><span class=\"tmm_fname\">Mme Mathilde<\/span> <span class=\"tmm_lname\">PUIG<\/span><\/div><div class=\"tmm_job\">Psychomotricienne<\/div><div class=\"tmm_scblock\"><a target=\"_blank\" class=\"tmm_sociallink\" href=\"https:\/\/docorga.com\/praticien\/6156c8c7df000e27582e2411\" title=\"Docorga\"><img decoding=\"async\" alt=\"Docorga\" src=\"https:\/\/www.msplurielle.fr\/wp-content\/plugins\/team-members\/inc\/img\/links\/wechat.png\"\/><\/a><\/div><\/div><\/div><span class=\"tmm_two_containers_tablet\"><\/span><\/div><span class=\"tmm_columns_containers_desktop\"><\/span><div class=\"tmm_container\"><div class=\"tmm_member\" style=\"border-top:#e0b30f solid 5px;\"><a target=\"_blank\" rel=\"noopener noreferrer\" href=\"https:\/\/www.msplurielle.fr\/index.php\/dr-nadine-chauffer\/\" title=\"Dr Nadine CHAUFFET\"><div class=\"tmm_photo tmm_pic_equipe-soignante_4\" style=\"background: url(https:\/\/www.msplurielle.fr\/wp-content\/uploads\/2024\/10\/dr_nadine_chauffet-1.jpg); margin-left: auto; margin-right:auto; background-size:cover !important;\"><\/div><\/a><div class=\"tmm_textblock\"><div class=\"tmm_names\"><span class=\"tmm_fname\">Dr Nadine<\/span> <span class=\"tmm_lname\">CHAUFFET<\/span><\/div><div class=\"tmm_job\">M\u00e9decin g\u00e9n\u00e9raliste <\/div><div class=\"tmm_scblock\"><a target=\"_blank\" class=\"tmm_sociallink\" href=\"https:\/\/www.doctolib.fr\/medecin-generaliste\/besancon\/nadine-chauffet\" title=\"Doctolib\"><img decoding=\"async\" alt=\"Doctolib\" src=\"https:\/\/www.msplurielle.fr\/wp-content\/plugins\/team-members\/inc\/img\/links\/vk.png\"\/><\/a><a class=\"tmm_sociallink\" href=\"tel:0381472898\" title=\"T\u00e9l\u00e9phone\"><img decoding=\"async\" alt=\"T\u00e9l\u00e9phone\" src=\"https:\/\/www.msplurielle.fr\/wp-content\/plugins\/team-members\/inc\/img\/links\/phone.png\"\/><\/a><\/div><\/div><\/div><div class=\"tmm_member\" style=\"border-top:#e0b30f solid 5px;\"><a target=\"_blank\" rel=\"noopener noreferrer\" href=\"https:\/\/www.msplurielle.fr\/index.php\/dr-laure-geisler\/\" title=\"Dr Laure GEISLER\"><div class=\"tmm_photo tmm_pic_equipe-soignante_5\" style=\"background: url(https:\/\/www.msplurielle.fr\/wp-content\/uploads\/2024\/10\/dr_laure_gesler2-1.jpg); margin-left: auto; margin-right:auto; background-size:cover !important;\"><\/div><\/a><div class=\"tmm_textblock\"><div class=\"tmm_names\"><span class=\"tmm_fname\">Dr Laure<\/span> <span class=\"tmm_lname\">GEISLER<\/span><\/div><div class=\"tmm_job\">M\u00e9decin g\u00e9n\u00e9raliste<\/div><div class=\"tmm_scblock\"><a target=\"_blank\" class=\"tmm_sociallink\" href=\"https:\/\/www.doctolib.fr\/medecin-generaliste\/besancon\/laure-geisler\" title=\"Doctolib\"><img decoding=\"async\" alt=\"Doctolib\" src=\"https:\/\/www.msplurielle.fr\/wp-content\/plugins\/team-members\/inc\/img\/links\/vk.png\"\/><\/a><\/div><\/div><\/div><span class=\"tmm_two_containers_tablet\"><\/span><div class=\"tmm_member\" style=\"border-top:#e0b30f solid 5px;\"><a target=\"_blank\" rel=\"noopener noreferrer\" href=\"https:\/\/www.msplurielle.fr\/index.php\/mme-chloe-garing\/\" title=\"Mme Chlo\u00e9 GARING\"><div class=\"tmm_photo tmm_pic_equipe-soignante_6\" style=\"background: url(https:\/\/www.msplurielle.fr\/wp-content\/uploads\/2024\/10\/mme_chloe_garing-1.jpg); margin-left: auto; margin-right:auto; background-size:cover !important;\"><\/div><\/a><div class=\"tmm_textblock\"><div class=\"tmm_names\"><span class=\"tmm_fname\">Mme Chlo\u00e9<\/span> <span class=\"tmm_lname\">GARING<\/span><\/div><div class=\"tmm_job\">Psychomotricienne<\/div><div class=\"tmm_scblock\"><a target=\"_blank\" class=\"tmm_sociallink\" href=\"https:\/\/docorga.com\/praticien\/646cc6cb7af02123afc02ba8\" title=\"Docorga\"><img decoding=\"async\" alt=\"Docorga\" src=\"https:\/\/www.msplurielle.fr\/wp-content\/plugins\/team-members\/inc\/img\/links\/wechat.png\"\/><\/a><\/div><\/div><\/div><div class=\"tmm_member\" style=\"border-top:#e0b30f solid 5px;\"><a target=\"_blank\" rel=\"noopener noreferrer\" href=\"https:\/\/www.msplurielle.fr\/index.php\/mme-estelle-ledon\/\" title=\"Mme Estelle LEDON\"><div class=\"tmm_photo tmm_pic_equipe-soignante_7\" style=\"background: url(https:\/\/www.msplurielle.fr\/wp-content\/uploads\/2024\/10\/mme_estelle_ledon.jpg); margin-left: auto; margin-right:auto; background-size:cover !important;\"><\/div><\/a><div class=\"tmm_textblock\"><div class=\"tmm_names\"><span class=\"tmm_fname\">Mme Estelle<\/span> <span class=\"tmm_lname\">LEDON<\/span><\/div><div class=\"tmm_job\">Infirmi\u00e8re Pu\u00e9ricultrice<\/div><div class=\"tmm_scblock\"><a class=\"tmm_sociallink\" href=\"mailto:&#101;&#115;&#116;ell&#101;&#046;p&#117;&#101;&#114;&#105;cu&#108;&#116;r&#105;c&#101;&#064;&#103;m&#097;i&#108;&#046;c&#111;m\" title=\"Envoyer un mail\"><img decoding=\"async\" alt=\"Envoyer un mail\" src=\"https:\/\/www.msplurielle.fr\/wp-content\/plugins\/team-members\/inc\/img\/links\/email.png\"\/><\/a><a target=\"_blank\" class=\"tmm_sociallink\" href=\"https:\/\/estelleledon-infirmiereliberale-puericultrice.webnode.fr\/\" title=\"Site web\"><img decoding=\"async\" alt=\"Site web\" src=\"https:\/\/www.msplurielle.fr\/wp-content\/plugins\/team-members\/inc\/img\/links\/website.png\"\/><\/a><\/div><\/div><\/div><span class=\"tmm_two_containers_tablet\"><\/span><\/div><span class=\"tmm_columns_containers_desktop\"><\/span><div class=\"tmm_container\"><div class=\"tmm_member\" style=\"border-top:#e0b30f solid 5px;\"><a target=\"_blank\" rel=\"noopener noreferrer\" href=\"https:\/\/www.msplurielle.fr\/index.php\/dr-brun-barassi-laetitia\/\" title=\"Dr Laetitia BRUN-BARASSI\"><div class=\"tmm_photo tmm_pic_equipe-soignante_8\" style=\"background: url(https:\/\/www.msplurielle.fr\/wp-content\/uploads\/2024\/10\/dr_laetitia_brun_barassi.jpg); margin-left: auto; margin-right:auto; background-size:cover !important;\"><\/div><\/a><div class=\"tmm_textblock\"><div class=\"tmm_names\"><span class=\"tmm_fname\">Dr Laetitia<\/span> <span class=\"tmm_lname\">BRUN-BARASSI<\/span><\/div><div class=\"tmm_job\">Psychiatre - P\u00e9dopsychiatre<\/div><div class=\"tmm_scblock\"><a target=\"_blank\" class=\"tmm_sociallink\" href=\"https:\/\/www.doctolib.fr\/psychiatre\/besancon\/laetitia-brun-barassi\" title=\"Doctolib\"><img decoding=\"async\" alt=\"Doctolib\" src=\"https:\/\/www.msplurielle.fr\/wp-content\/plugins\/team-members\/inc\/img\/links\/vk.png\"\/><\/a><\/div><\/div><\/div><div class=\"tmm_member\" style=\"border-top:#e0b30f solid 5px;\"><a target=\"_blank\" rel=\"noopener noreferrer\" href=\"https:\/\/www.msplurielle.fr\/index.php\/mme-lucia-guillaume\/\" title=\"Mme Lucia GUILLAUME\"><div class=\"tmm_photo tmm_pic_equipe-soignante_9\" style=\"background: url(https:\/\/www.msplurielle.fr\/wp-content\/uploads\/2024\/10\/mme_lucia_guillaume.jpg); margin-left: auto; margin-right:auto; background-size:cover !important;\"><\/div><\/a><div class=\"tmm_textblock\"><div class=\"tmm_names\"><span class=\"tmm_fname\">Mme Lucia<\/span> <span class=\"tmm_lname\">GUILLAUME<\/span><\/div><div class=\"tmm_job\">Psychologue, Psychoth\u00e9rapeute<\/div><div class=\"tmm_scblock\"><a class=\"tmm_sociallink\" href=\"tel:0782984096\" title=\"T\u00e9l\u00e9phone\"><img decoding=\"async\" alt=\"T\u00e9l\u00e9phone\" src=\"https:\/\/www.msplurielle.fr\/wp-content\/plugins\/team-members\/inc\/img\/links\/phone.png\"\/><\/a><a class=\"tmm_sociallink\" href=\"mailto:&#103;u&#105;ll&#097;&#117;me&#046;&#108;&#117;cia&#064;&#103;&#109;a&#105;&#108;.c&#111;m\" title=\"Envoyer un mail\"><img decoding=\"async\" alt=\"Envoyer un mail\" src=\"https:\/\/www.msplurielle.fr\/wp-content\/plugins\/team-members\/inc\/img\/links\/email.png\"\/><\/a><\/div><\/div><\/div><span class=\"tmm_two_containers_tablet\"><\/span><div class=\"tmm_member\" style=\"border-top:#e0b30f solid 5px;\"><a target=\"_blank\" rel=\"noopener noreferrer\" href=\"https:\/\/www.msplurielle.fr\/index.php\/mme-justine-truchot\/\" title=\"Mme Justine TRUCHOT\"><div class=\"tmm_photo tmm_pic_equipe-soignante_10\" style=\"background: url(https:\/\/www.msplurielle.fr\/wp-content\/uploads\/2024\/07\/logo.jpeg); margin-left: auto; margin-right:auto; background-size:cover !important;\"><\/div><\/a><div class=\"tmm_textblock\"><div class=\"tmm_names\"><span class=\"tmm_fname\">Mme Justine<\/span> <span class=\"tmm_lname\">TRUCHOT<\/span><\/div><div class=\"tmm_job\">Di\u00e9t\u00e9ticienne Nutritionniste<\/div><div class=\"tmm_scblock\"><a target=\"_blank\" class=\"tmm_sociallink\" href=\"https:\/\/www.doctolib.fr\/dieteticien\/besancon\/justine-truchot\" title=\"Doctolib\"><img decoding=\"async\" alt=\"Doctolib\" src=\"https:\/\/www.msplurielle.fr\/wp-content\/plugins\/team-members\/inc\/img\/links\/vk.png\"\/><\/a><\/div><\/div><\/div><div class=\"tmm_member\" style=\"border-top:#e0b30f solid 5px;\"><a target=\"_blank\" rel=\"noopener noreferrer\" href=\"https:\/\/www.msplurielle.fr\/index.php\/mme-natacha-gentile\/\" title=\"Mme Natacha GENTILE\"><div class=\"tmm_photo tmm_pic_equipe-soignante_11\" style=\"background: url(https:\/\/www.msplurielle.fr\/wp-content\/uploads\/2024\/10\/mme_natacha_gentile.jpg); margin-left: auto; margin-right:auto; background-size:cover !important;\"><\/div><\/a><div class=\"tmm_textblock\"><div class=\"tmm_names\"><span class=\"tmm_fname\">Mme Natacha<\/span> <span class=\"tmm_lname\">GENTILE<\/span><\/div><div class=\"tmm_job\">Orthophoniste<\/div><div class=\"tmm_scblock\"><\/div><\/div><\/div><span class=\"tmm_two_containers_tablet\"><\/span><\/div><span class=\"tmm_columns_containers_desktop\"><\/span><div class=\"tmm_container\"><div class=\"tmm_member\" style=\"border-top:#e0b30f solid 5px;\"><a target=\"_blank\" rel=\"noopener noreferrer\" href=\"https:\/\/www.msplurielle.fr\/index.php\/mme-aline-durandiere\/\" title=\"Mme Aline DURANDIERE\"><div class=\"tmm_photo tmm_pic_equipe-soignante_12\" style=\"background: url(https:\/\/www.msplurielle.fr\/wp-content\/uploads\/2024\/10\/mme_aline_durandiere-1.jpg); margin-left: auto; margin-right:auto; background-size:cover !important;\"><\/div><\/a><div class=\"tmm_textblock\"><div class=\"tmm_names\"><span class=\"tmm_fname\">Mme Aline<\/span> <span class=\"tmm_lname\">DURANDIERE<\/span><\/div><div class=\"tmm_job\">Psychologue Clinicienne \/ Psychoth\u00e9rapeute<\/div><div class=\"tmm_scblock\"><a target=\"_blank\" class=\"tmm_sociallink\" href=\"https:\/\/www.alinedurandiere.fr\/\" title=\"Site web\"><img decoding=\"async\" alt=\"Site web\" src=\"https:\/\/www.msplurielle.fr\/wp-content\/plugins\/team-members\/inc\/img\/links\/website.png\"\/><\/a><a class=\"tmm_sociallink\" href=\"tel:0769032673\" title=\"T\u00e9l\u00e9phone\"><img decoding=\"async\" alt=\"T\u00e9l\u00e9phone\" src=\"https:\/\/www.msplurielle.fr\/wp-content\/plugins\/team-members\/inc\/img\/links\/phone.png\"\/><\/a><\/div><\/div><\/div><div class=\"tmm_member\" style=\"border-top:#e0b30f solid 5px;\"><a target=\"_blank\" rel=\"noopener noreferrer\" href=\"https:\/\/www.msplurielle.fr\/index.php\/dr-amelie-lambert-pointurier\/\" title=\"Dr Am\u00e9lie LAMBERT-POINTURIER\"><div class=\"tmm_photo tmm_pic_equipe-soignante_13\" style=\"background: url(https:\/\/www.msplurielle.fr\/wp-content\/uploads\/2024\/10\/dr_amelie-lambert-pointurier-1.jpg); margin-left: auto; margin-right:auto; background-size:cover !important;\"><\/div><\/a><div class=\"tmm_textblock\"><div class=\"tmm_names\"><span class=\"tmm_fname\">Dr Am\u00e9lie<\/span> <span class=\"tmm_lname\">LAMBERT-POINTURIER<\/span><\/div><div class=\"tmm_job\">Psychiatre - Psychoth\u00e9rapeute<\/div><div class=\"tmm_scblock\"><a class=\"tmm_sociallink\" href=\"mailto:&#100;&#114;&#046;lambe&#114;tpointurie&#114;&#064;&#103;ma&#105;&#108;.&#099;&#111;&#109;\" title=\"Envoyer un mail\"><img decoding=\"async\" alt=\"Envoyer un mail\" src=\"https:\/\/www.msplurielle.fr\/wp-content\/plugins\/team-members\/inc\/img\/links\/email.png\"\/><\/a><a class=\"tmm_sociallink\" href=\"tel:0764832595\" title=\"T\u00e9l\u00e9phone\"><img decoding=\"async\" alt=\"T\u00e9l\u00e9phone\" src=\"https:\/\/www.msplurielle.fr\/wp-content\/plugins\/team-members\/inc\/img\/links\/phone.png\"\/><\/a><\/div><\/div><\/div><div style=\"clear:both;\"><\/div><\/div><\/div><\/div>\n","protected":false},"excerpt":{"rendered":"","protected":false},"author":1,"featured_media":0,"parent":0,"menu_order":0,"comment_status":"closed","ping_status":"closed","template":"","meta":{"inspiro_hide_title":false,"footnotes":""},"class_list":["post-111","page","type-page","status-publish","hentry"],"yoast_head":"<!-- This site is optimized with the Yoast SEO plugin v25.9 - https:\/\/yoast.com\/wordpress\/plugins\/seo\/ -->\n<title>Notre \u00c9quipe - Maison de soin Plurielle<\/title>\n<meta name=\"robots\" content=\"index, follow, max-snippet:-1, max-image-preview:large, max-video-preview:-1\" \/>\n<link rel=\"canonical\" href=\"https:\/\/www.msplurielle.fr\/index.php\/team\/\" \/>\n<meta property=\"og:locale\" content=\"fr_FR\" \/>\n<meta property=\"og:type\" content=\"article\" \/>\n<meta property=\"og:title\" content=\"Notre \u00c9quipe - Maison de soin Plurielle\" \/>\n<meta property=\"og:url\" content=\"https:\/\/www.msplurielle.fr\/index.php\/team\/\" \/>\n<meta property=\"og:site_name\" content=\"Maison de soin Plurielle\" \/>\n<meta property=\"article:modified_time\" content=\"2025-04-10T19:34:54+00:00\" \/>\n<meta name=\"twitter:card\" content=\"summary_large_image\" \/>\n<meta name=\"twitter:label1\" content=\"Dur\u00e9e de lecture estim\u00e9e\" \/>\n\t<meta name=\"twitter:data1\" content=\"1 minute\" \/>\n<script type=\"application\/ld+json\" class=\"yoast-schema-graph\">{\"@context\":\"https:\/\/schema.org\",\"@graph\":[{\"@type\":\"WebPage\",\"@id\":\"https:\/\/www.msplurielle.fr\/index.php\/team\/\",\"url\":\"https:\/\/www.msplurielle.fr\/index.php\/team\/\",\"name\":\"Notre \u00c9quipe - Maison de soin Plurielle\",\"isPartOf\":{\"@id\":\"https:\/\/www.msplurielle.fr\/#website\"},\"datePublished\":\"2024-10-07T19:50:07+00:00\",\"dateModified\":\"2025-04-10T19:34:54+00:00\",\"breadcrumb\":{\"@id\":\"https:\/\/www.msplurielle.fr\/index.php\/team\/#breadcrumb\"},\"inLanguage\":\"fr-FR\",\"potentialAction\":[{\"@type\":\"ReadAction\",\"target\":[\"https:\/\/www.msplurielle.fr\/index.php\/team\/\"]}]},{\"@type\":\"BreadcrumbList\",\"@id\":\"https:\/\/www.msplurielle.fr\/index.php\/team\/#breadcrumb\",\"itemListElement\":[{\"@type\":\"ListItem\",\"position\":1,\"name\":\"Accueil\",\"item\":\"https:\/\/www.msplurielle.fr\/\"},{\"@type\":\"ListItem\",\"position\":2,\"name\":\"Notre \u00c9quipe\"}]},{\"@type\":\"WebSite\",\"@id\":\"https:\/\/www.msplurielle.fr\/#website\",\"url\":\"https:\/\/www.msplurielle.fr\/\",\"name\":\"Maison de soin Plurielle\",\"description\":\"Hauts de Chazal - BESANCON\",\"publisher\":{\"@id\":\"https:\/\/www.msplurielle.fr\/#organization\"},\"potentialAction\":[{\"@type\":\"SearchAction\",\"target\":{\"@type\":\"EntryPoint\",\"urlTemplate\":\"https:\/\/www.msplurielle.fr\/?s={search_term_string}\"},\"query-input\":{\"@type\":\"PropertyValueSpecification\",\"valueRequired\":true,\"valueName\":\"search_term_string\"}}],\"inLanguage\":\"fr-FR\"},{\"@type\":\"Organization\",\"@id\":\"https:\/\/www.msplurielle.fr\/#organization\",\"name\":\"Maison de soin Plurielle\",\"url\":\"https:\/\/www.msplurielle.fr\/\",\"logo\":{\"@type\":\"ImageObject\",\"inLanguage\":\"fr-FR\",\"@id\":\"https:\/\/www.msplurielle.fr\/#\/schema\/logo\/image\/\",\"url\":\"https:\/\/www.msplurielle.fr\/wp-content\/uploads\/2024\/11\/cropped-logoMSP.png\",\"contentUrl\":\"https:\/\/www.msplurielle.fr\/wp-content\/uploads\/2024\/11\/cropped-logoMSP.png\",\"width\":3506,\"height\":1580,\"caption\":\"Maison de soin Plurielle\"},\"image\":{\"@id\":\"https:\/\/www.msplurielle.fr\/#\/schema\/logo\/image\/\"}}]}<\/script>\n<!-- \/ Yoast SEO plugin. -->","yoast_head_json":{"title":"Notre \u00c9quipe - Maison de soin Plurielle","robots":{"index":"index","follow":"follow","max-snippet":"max-snippet:-1","max-image-preview":"max-image-preview:large","max-video-preview":"max-video-preview:-1"},"canonical":"https:\/\/www.msplurielle.fr\/index.php\/team\/","og_locale":"fr_FR","og_type":"article","og_title":"Notre \u00c9quipe - Maison de soin Plurielle","og_url":"https:\/\/www.msplurielle.fr\/index.php\/team\/","og_site_name":"Maison de soin Plurielle","article_modified_time":"2025-04-10T19:34:54+00:00","twitter_card":"summary_large_image","twitter_misc":{"Dur\u00e9e de lecture estim\u00e9e":"1 minute"},"schema":{"@context":"https:\/\/schema.org","@graph":[{"@type":"WebPage","@id":"https:\/\/www.msplurielle.fr\/index.php\/team\/","url":"https:\/\/www.msplurielle.fr\/index.php\/team\/","name":"Notre \u00c9quipe - Maison de soin Plurielle","isPartOf":{"@id":"https:\/\/www.msplurielle.fr\/#website"},"datePublished":"2024-10-07T19:50:07+00:00","dateModified":"2025-04-10T19:34:54+00:00","breadcrumb":{"@id":"https:\/\/www.msplurielle.fr\/index.php\/team\/#breadcrumb"},"inLanguage":"fr-FR","potentialAction":[{"@type":"ReadAction","target":["https:\/\/www.msplurielle.fr\/index.php\/team\/"]}]},{"@type":"BreadcrumbList","@id":"https:\/\/www.msplurielle.fr\/index.php\/team\/#breadcrumb","itemListElement":[{"@type":"ListItem","position":1,"name":"Accueil","item":"https:\/\/www.msplurielle.fr\/"},{"@type":"ListItem","position":2,"name":"Notre \u00c9quipe"}]},{"@type":"WebSite","@id":"https:\/\/www.msplurielle.fr\/#website","url":"https:\/\/www.msplurielle.fr\/","name":"Maison de soin Plurielle","description":"Hauts de Chazal - BESANCON","publisher":{"@id":"https:\/\/www.msplurielle.fr\/#organization"},"potentialAction":[{"@type":"SearchAction","target":{"@type":"EntryPoint","urlTemplate":"https:\/\/www.msplurielle.fr\/?s={search_term_string}"},"query-input":{"@type":"PropertyValueSpecification","valueRequired":true,"valueName":"search_term_string"}}],"inLanguage":"fr-FR"},{"@type":"Organization","@id":"https:\/\/www.msplurielle.fr\/#organization","name":"Maison de soin Plurielle","url":"https:\/\/www.msplurielle.fr\/","logo":{"@type":"ImageObject","inLanguage":"fr-FR","@id":"https:\/\/www.msplurielle.fr\/#\/schema\/logo\/image\/","url":"https:\/\/www.msplurielle.fr\/wp-content\/uploads\/2024\/11\/cropped-logoMSP.png","contentUrl":"https:\/\/www.msplurielle.fr\/wp-content\/uploads\/2024\/11\/cropped-logoMSP.png","width":3506,"height":1580,"caption":"Maison de soin Plurielle"},"image":{"@id":"https:\/\/www.msplurielle.fr\/#\/schema\/logo\/image\/"}}]}},"jetpack_sharing_enabled":true,"_links":{"self":[{"href":"https:\/\/www.msplurielle.fr\/index.php\/wp-json\/wp\/v2\/pages\/111","targetHints":{"allow":["GET"]}}],"collection":[{"href":"https:\/\/www.msplurielle.fr\/index.php\/wp-json\/wp\/v2\/pages"}],"about":[{"href":"https:\/\/www.msplurielle.fr\/index.php\/wp-json\/wp\/v2\/types\/page"}],"author":[{"embeddable":true,"href":"https:\/\/www.msplurielle.fr\/index.php\/wp-json\/wp\/v2\/users\/1"}],"replies":[{"embeddable":true,"href":"https:\/\/www.msplurielle.fr\/index.php\/wp-json\/wp\/v2\/comments?post=111"}],"version-history":[{"count":3,"href":"https:\/\/www.msplurielle.fr\/index.php\/wp-json\/wp\/v2\/pages\/111\/revisions"}],"predecessor-version":[{"id":211,"href":"https:\/\/www.msplurielle.fr\/index.php\/wp-json\/wp\/v2\/pages\/111\/revisions\/211"}],"wp:attachment":[{"href":"https:\/\/www.msplurielle.fr\/index.php\/wp-json\/wp\/v2\/media?parent=111"}],"curies":[{"name":"wp","href":"https:\/\/api.w.org\/{rel}","templated":true}]}}